{"id":195,"date":"2019-10-30T04:15:49","date_gmt":"2019-10-30T04:15:49","guid":{"rendered":"http:\/\/motorstest.loc\/?page_id=195"},"modified":"2025-03-06T11:00:24","modified_gmt":"2025-03-06T09:00:24","slug":"apie-mus","status":"publish","type":"page","link":"https:\/\/www.vitarent.lt\/lt\/apie-mus\/","title":{"rendered":"Apie mus"},"content":{"rendered":"<div class=\"wpb-content-wrapper\">[vc_row gap=&#8221;5&#8243; css=&#8221;.vc_custom_1736709924002{margin-right: 0px !important;margin-left: 0px !important;padding-top: 50px !important;padding-bottom: 0px !important;}&#8221; responsive_css=&#8221;padding_top_large:50px&#8221;][vc_column css=&#8221;.vc_custom_1736709334019{padding-right: 12px !important;padding-left: 12px !important;}&#8221;][vc_column_text]\n<p data-start=\"61\" data-end=\"123\"><span style=\"font-size: 16px;\"><strong data-start=\"61\" data-end=\"121\">\u201eVITARENT\u201c \u2013 patikima automobili\u0173 nuomos \u012fmon\u0117 Lietuvoje<\/strong><\/span><\/p>\n<p data-start=\"125\" data-end=\"461\">S\u0117kmingai veikianti automobili\u0173 nuomos \u012fmon\u0117, teikianti trumpalaik\u0117s ir ilgalaik\u0117s nuomos paslaugas visoje Lietuvoje. Prad\u0117jome veikl\u0105 su vos keliais automobiliais, ta\u010diau, nuolat siekdami tobul\u0117ti ir palaikydami glaud\u0173 bendradarbiavim\u0105 su klientais, kasmet ple\u010diame ir atnaujiname savo automobili\u0173 park\u0105.<\/p>\n<p data-start=\"463\" data-end=\"773\"><strong data-start=\"463\" data-end=\"479\">M\u016bs\u0173 tikslas<\/strong> \u2013 u\u017etikrinti auk\u0161\u010diausi\u0105 paslaug\u0173 ir aptarnavimo kokyb\u0119, skatinan\u010di\u0105 ilgalaikius santykius su klientais. <strong data-start=\"585\" data-end=\"621\">M\u016bs\u0173 klientai \u2013 m\u016bs\u0173 prioritetas<\/strong>, tod\u0117l visuomet atsi\u017evelgiame \u012f j\u0173 poreikius ir l\u016bkes\u010dius. R\u016bpinam\u0117s, kad J\u016bs\u0173 kelion\u0117 m\u016bs\u0173 i\u0161nuomotu automobiliu b\u016bt\u0173 <strong data-start=\"741\" data-end=\"770\">saugi, patikima ir patogi<\/strong>.<\/p>\n<p data-start=\"775\" data-end=\"1050\"><strong data-start=\"775\" data-end=\"810\">Kod\u0117l verta rinktis \u201eVITARENT\u201c?<\/strong><br data-start=\"810\" data-end=\"813\" \/>\u2705 Pritaikome sprendimus pagal individualius poreikius<br data-start=\"866\" data-end=\"869\" \/>\u2705 Si\u016blome konkurencingas kainas ir lanks\u010dias nuomos s\u0105lygas<br data-start=\"928\" data-end=\"931\" \/>\u2705 M\u016bs\u0173 automobiliai yra techni\u0161kai tvarkingi ir pri\u017ei\u016br\u0117ti<br data-start=\"989\" data-end=\"992\" \/>\u2705 Orientuojam\u0117s \u012f auk\u0161\u010diausi\u0105 klient\u0173 aptarnavimo kokyb\u0119<\/p>\n<p data-start=\"1052\" data-end=\"1253\">Jei Jums reikia automobilio verslo ar poilsio kelion\u0117ms, <strong data-start=\"1109\" data-end=\"1132\">rinkit\u0117s \u201eVITARENT\u201c<\/strong> \u2013 mes pateiksime geriausiai J\u016bs\u0173 poreikius atitinkant\u012f pasi\u016blym\u0105. <strong data-start=\"1199\" data-end=\"1251\">J\u016bs neprivalote mok\u0117ti u\u017e tai, ko Jums nereikia!<\/strong><\/p>\n<p data-start=\"1255\" data-end=\"1365\"><strong data-start=\"1255\" data-end=\"1294\">Dar abejojate m\u016bs\u0173 paslaug\u0173 kokybe?<\/strong><br data-start=\"1294\" data-end=\"1297\" \/>Per\u017evelkite <span style=\"color: #179654;\"><strong><a style=\"color: #179654;\" href=\"https:\/\/www.vitarent.lt\/atsiliepimai\/\">ATSILIEPIMUS<\/a><\/strong><\/span>\u00a0\u2013 jie geriausiai atspindi m\u016bs\u0173 darb\u0105!<\/p>\n[\/vc_column_text][\/vc_column][\/vc_row][vc_row css=&#8221;.vc_custom_1729850647474{margin-right: 0px !important;margin-left: 0px !important;padding-top: -20px !important;}&#8221; responsive_css=&#8221;padding_top_large:20px&#8221; el_class=&#8221;vc_hidden-sm vc_hidden-xs&#8221;][vc_column align=&#8221;text-center&#8221;][vc_column_text css=&#8221;&#8221;]\n<p><iframe loading=\"lazy\" style=\"border: none; overflow: hidden;\" src=\"https:\/\/www.facebook.com\/plugins\/page.php?href=https%3A%2F%2Fwww.facebook.com%2Fvitarent.lt%2F&amp;tabs&amp;width=500&amp;height=130&amp;small_header=false&amp;adapt_container_width=true&amp;hide_cover=false&amp;show_facepile=true&amp;appId=2172795699479115\" width=\"500\" height=\"130\" frameborder=\"0\" scrolling=\"no\" allowfullscreen=\"allowfullscreen\"><\/iframe><\/p>\n[\/vc_column_text][\/vc_column][\/vc_row][vc_row full_width=&#8221;stretch_row&#8221; responsive_css=&#8221;padding_top_large:20px&#8221; css=&#8221;.vc_custom_1737125274052{padding-top: 20px !important;padding-bottom: 20px !important;}&#8221;][vc_column][vc_custom_heading text=&#8221;M\u016bs\u0173 aptarnaujami oro uostai&#8221; font_container=&#8221;tag:h2|text_align:center&#8221; css=&#8221;.vc_custom_1729762123000{padding-bottom: 0px !important;}&#8221;][\/vc_column][\/vc_row][vc_row bg_position=&#8221;center bottom&#8221; enable_row_shadowbox=&#8221;yes&#8221; first_background_color=&#8221;#000000&#8243; responsive_css=&#8221;padding_top_medium:20px|padding_top_small:10px&#8221; css=&#8221;.vc_custom_1584707610155{padding-top: 10px !important;padding-bottom: 2px !important;border-radius: 2px !important;}&#8221; row_box_shadow=&#8221;%5B%7B%22inset%22%3A%22inset%22%2C%22shadow_color%22%3A%22%23d8d8d8%22%7D%2C%7B%7D%2C%7B%7D%5D&#8221;][vc_column width=&#8221;1\/5&#8243;][\/vc_column][vc_column width=&#8221;1\/5&#8243;][vc_single_image image=&#8221;638&#8243; img_size=&#8221;150&#215;150&#8243; alignment=&#8221;center&#8221; css=&#8221;&#8221;][\/vc_column][vc_column width=&#8221;1\/5&#8243;][vc_single_image image=&#8221;635&#8243; img_size=&#8221;150&#215;150&#8243; alignment=&#8221;center&#8221; css=&#8221;&#8221;][\/vc_column][vc_column width=&#8221;1\/5&#8243;][vc_single_image image=&#8221;632&#8243; img_size=&#8221;150&#215;150&#8243; alignment=&#8221;center&#8221; css=&#8221;&#8221;][\/vc_column][vc_column width=&#8221;1\/5&#8243;][\/vc_column][\/vc_row][vc_row][vc_column][vc_empty_space][\/vc_column][\/vc_row]\n<\/div>","protected":false},"excerpt":{"rendered":"<p>[vc_row gap=&#8221;5&#8243; css=&#8221;.vc_custom_1736709924002{margin-right: 0px !important;margin-left: 0px !important;padding-top: 50px !important;padding-bottom: 0px !important;}&#8221; responsive_css=&#8221;padding_top_large:50px&#8221;][vc_column css=&#8221;.vc_custom_1736709334019{padding-right: 12px !important;padding-left:&#8230;<\/p>\n","protected":false},"author":1,"featured_media":0,"parent":0,"menu_order":0,"comment_status":"closed","ping_status":"closed","template":"","meta":{"footnotes":""},"class_list":["post-195","page","type-page","status-publish","hentry"],"yoast_head":"<!-- This site is optimized with the Yoast SEO plugin v25.0 - https:\/\/yoast.com\/wordpress\/plugins\/seo\/ -->\n<title>Apie mus | Patikima automobili\u0173 nuoma Lietuvoje<\/title>\n<meta name=\"robots\" content=\"index, follow, max-snippet:-1, max-image-preview:large, max-video-preview:-1\" \/>\n<link rel=\"canonical\" href=\"https:\/\/www.vitarent.lt\/lt\/apie-mus\/\" \/>\n<meta property=\"og:locale\" content=\"lt_LT\" \/>\n<meta property=\"og:type\" content=\"article\" \/>\n<meta property=\"og:title\" content=\"Apie mus | Patikima automobili\u0173 nuoma Lietuvoje\" \/>\n<meta property=\"og:description\" content=\"[vc_row gap=&#8221;5&#8243; css=&#8221;.vc_custom_1736709924002{margin-right: 0px !important;margin-left: 0px !important;padding-top: 50px !important;padding-bottom: 0px !important;}&#8221; responsive_css=&#8221;padding_top_large:50px&#8221;][vc_column css=&#8221;.vc_custom_1736709334019{padding-right: 12px !important;padding-left:...\" \/>\n<meta property=\"og:url\" content=\"https:\/\/www.vitarent.lt\/lt\/apie-mus\/\" \/>\n<meta property=\"og:site_name\" content=\"Patikima automobili\u0173 nuoma Lietuvoje\" \/>\n<meta property=\"article:publisher\" content=\"https:\/\/www.facebook.com\/vitarent.lt\/\" \/>\n<meta property=\"article:modified_time\" content=\"2025-03-06T09:00:24+00:00\" \/>\n<meta name=\"twitter:card\" content=\"summary_large_image\" \/>\n<meta name=\"twitter:label1\" content=\"Est. reading time\" \/>\n\t<meta name=\"twitter:data1\" content=\"2 minut\u0117s\" \/>\n<script type=\"application\/ld+json\" class=\"yoast-schema-graph\">{\"@context\":\"https:\/\/schema.org\",\"@graph\":[{\"@type\":\"WebPage\",\"@id\":\"https:\/\/www.vitarent.lt\/lt\/apie-mus\/\",\"url\":\"https:\/\/www.vitarent.lt\/lt\/apie-mus\/\",\"name\":\"Apie mus | Patikima automobili\u0173 nuoma Lietuvoje\",\"isPartOf\":{\"@id\":\"https:\/\/www.vitarent.lt\/lt\/#website\"},\"datePublished\":\"2019-10-30T04:15:49+00:00\",\"dateModified\":\"2025-03-06T09:00:24+00:00\",\"breadcrumb\":{\"@id\":\"https:\/\/www.vitarent.lt\/lt\/apie-mus\/#breadcrumb\"},\"inLanguage\":\"lt-LT\",\"potentialAction\":[{\"@type\":\"ReadAction\",\"target\":[\"https:\/\/www.vitarent.lt\/lt\/apie-mus\/\"]}]},{\"@type\":\"BreadcrumbList\",\"@id\":\"https:\/\/www.vitarent.lt\/lt\/apie-mus\/#breadcrumb\",\"itemListElement\":[{\"@type\":\"ListItem\",\"position\":1,\"name\":\"Home\",\"item\":\"https:\/\/www.vitarent.lt\/lt\/\"},{\"@type\":\"ListItem\",\"position\":2,\"name\":\"Apie mus\"}]},{\"@type\":\"WebSite\",\"@id\":\"https:\/\/www.vitarent.lt\/lt\/#website\",\"url\":\"https:\/\/www.vitarent.lt\/lt\/\",\"name\":\"Automobili\u0173 nuoma Lietuvoje ir Latvijoje\",\"description\":\"\",\"publisher\":{\"@id\":\"https:\/\/www.vitarent.lt\/lt\/#organization\"},\"potentialAction\":[{\"@type\":\"SearchAction\",\"target\":{\"@type\":\"EntryPoint\",\"urlTemplate\":\"https:\/\/www.vitarent.lt\/lt\/?s={search_term_string}\"},\"query-input\":{\"@type\":\"PropertyValueSpecification\",\"valueRequired\":true,\"valueName\":\"search_term_string\"}}],\"inLanguage\":\"lt-LT\"},{\"@type\":\"Organization\",\"@id\":\"https:\/\/www.vitarent.lt\/lt\/#organization\",\"name\":\"Vitarent.lt - automobili\u0173 nuoma Lietuvoje ir Latvijoje\",\"url\":\"https:\/\/www.vitarent.lt\/lt\/\",\"logo\":{\"@type\":\"ImageObject\",\"inLanguage\":\"lt-LT\",\"@id\":\"https:\/\/www.vitarent.lt\/lt\/#\/schema\/logo\/image\/\",\"url\":\"https:\/\/www.vitarent.lt\/wp-content\/uploads\/2019\/11\/vitarent13v.png\",\"contentUrl\":\"https:\/\/www.vitarent.lt\/wp-content\/uploads\/2019\/11\/vitarent13v.png\",\"width\":126,\"height\":50,\"caption\":\"Vitarent.lt - automobili\u0173 nuoma Lietuvoje ir Latvijoje\"},\"image\":{\"@id\":\"https:\/\/www.vitarent.lt\/lt\/#\/schema\/logo\/image\/\"},\"sameAs\":[\"https:\/\/www.facebook.com\/vitarent.lt\/\",\"https:\/\/www.instagram.com\/vitarent.lt_\/\"]}]}<\/script>\n<!-- \/ Yoast SEO plugin. -->","yoast_head_json":{"title":"Apie mus | Patikima automobili\u0173 nuoma Lietuvoje","robots":{"index":"index","follow":"follow","max-snippet":"max-snippet:-1","max-image-preview":"max-image-preview:large","max-video-preview":"max-video-preview:-1"},"canonical":"https:\/\/www.vitarent.lt\/lt\/apie-mus\/","og_locale":"lt_LT","og_type":"article","og_title":"Apie mus | Patikima automobili\u0173 nuoma Lietuvoje","og_description":"[vc_row gap=&#8221;5&#8243; css=&#8221;.vc_custom_1736709924002{margin-right: 0px !important;margin-left: 0px !important;padding-top: 50px !important;padding-bottom: 0px !important;}&#8221; responsive_css=&#8221;padding_top_large:50px&#8221;][vc_column css=&#8221;.vc_custom_1736709334019{padding-right: 12px !important;padding-left:...","og_url":"https:\/\/www.vitarent.lt\/lt\/apie-mus\/","og_site_name":"Patikima automobili\u0173 nuoma Lietuvoje","article_publisher":"https:\/\/www.facebook.com\/vitarent.lt\/","article_modified_time":"2025-03-06T09:00:24+00:00","twitter_card":"summary_large_image","twitter_misc":{"Est. reading time":"2 minut\u0117s"},"schema":{"@context":"https:\/\/schema.org","@graph":[{"@type":"WebPage","@id":"https:\/\/www.vitarent.lt\/lt\/apie-mus\/","url":"https:\/\/www.vitarent.lt\/lt\/apie-mus\/","name":"Apie mus | Patikima automobili\u0173 nuoma Lietuvoje","isPartOf":{"@id":"https:\/\/www.vitarent.lt\/lt\/#website"},"datePublished":"2019-10-30T04:15:49+00:00","dateModified":"2025-03-06T09:00:24+00:00","breadcrumb":{"@id":"https:\/\/www.vitarent.lt\/lt\/apie-mus\/#breadcrumb"},"inLanguage":"lt-LT","potentialAction":[{"@type":"ReadAction","target":["https:\/\/www.vitarent.lt\/lt\/apie-mus\/"]}]},{"@type":"BreadcrumbList","@id":"https:\/\/www.vitarent.lt\/lt\/apie-mus\/#breadcrumb","itemListElement":[{"@type":"ListItem","position":1,"name":"Home","item":"https:\/\/www.vitarent.lt\/lt\/"},{"@type":"ListItem","position":2,"name":"Apie mus"}]},{"@type":"WebSite","@id":"https:\/\/www.vitarent.lt\/lt\/#website","url":"https:\/\/www.vitarent.lt\/lt\/","name":"Automobili\u0173 nuoma Lietuvoje ir Latvijoje","description":"","publisher":{"@id":"https:\/\/www.vitarent.lt\/lt\/#organization"},"potentialAction":[{"@type":"SearchAction","target":{"@type":"EntryPoint","urlTemplate":"https:\/\/www.vitarent.lt\/lt\/?s={search_term_string}"},"query-input":{"@type":"PropertyValueSpecification","valueRequired":true,"valueName":"search_term_string"}}],"inLanguage":"lt-LT"},{"@type":"Organization","@id":"https:\/\/www.vitarent.lt\/lt\/#organization","name":"Vitarent.lt - automobili\u0173 nuoma Lietuvoje ir Latvijoje","url":"https:\/\/www.vitarent.lt\/lt\/","logo":{"@type":"ImageObject","inLanguage":"lt-LT","@id":"https:\/\/www.vitarent.lt\/lt\/#\/schema\/logo\/image\/","url":"https:\/\/www.vitarent.lt\/wp-content\/uploads\/2019\/11\/vitarent13v.png","contentUrl":"https:\/\/www.vitarent.lt\/wp-content\/uploads\/2019\/11\/vitarent13v.png","width":126,"height":50,"caption":"Vitarent.lt - automobili\u0173 nuoma Lietuvoje ir Latvijoje"},"image":{"@id":"https:\/\/www.vitarent.lt\/lt\/#\/schema\/logo\/image\/"},"sameAs":["https:\/\/www.facebook.com\/vitarent.lt\/","https:\/\/www.instagram.com\/vitarent.lt_\/"]}]}},"_links":{"self":[{"href":"https:\/\/www.vitarent.lt\/lt\/wp-json\/wp\/v2\/pages\/195","targetHints":{"allow":["GET"]}}],"collection":[{"href":"https:\/\/www.vitarent.lt\/lt\/wp-json\/wp\/v2\/pages"}],"about":[{"href":"https:\/\/www.vitarent.lt\/lt\/wp-json\/wp\/v2\/types\/page"}],"author":[{"embeddable":true,"href":"https:\/\/www.vitarent.lt\/lt\/wp-json\/wp\/v2\/users\/1"}],"replies":[{"embeddable":true,"href":"https:\/\/www.vitarent.lt\/lt\/wp-json\/wp\/v2\/comments?post=195"}],"version-history":[{"count":36,"href":"https:\/\/www.vitarent.lt\/lt\/wp-json\/wp\/v2\/pages\/195\/revisions"}],"predecessor-version":[{"id":7969,"href":"https:\/\/www.vitarent.lt\/lt\/wp-json\/wp\/v2\/pages\/195\/revisions\/7969"}],"wp:attachment":[{"href":"https:\/\/www.vitarent.lt\/lt\/wp-json\/wp\/v2\/media?parent=195"}],"curies":[{"name":"wp","href":"https:\/\/api.w.org\/{rel}","templated":true}]}}