{"id":4820,"date":"2020-03-04T09:03:52","date_gmt":"2020-03-04T07:03:52","guid":{"rendered":"https:\/\/www.vitarent.lt\/?page_id=4820"},"modified":"2025-01-10T17:10:40","modified_gmt":"2025-01-10T15:10:40","slug":"uzklausa-issiusta","status":"publish","type":"page","link":"https:\/\/www.vitarent.lt\/lt\/uzklausa-issiusta\/","title":{"rendered":"U\u017eklausa i\u0161si\u0173sta"},"content":{"rendered":"<div class=\"wpb-content-wrapper\">[vc_row gap=&#8221;0&#8243; equal_height=&#8221;yes&#8221; content_placement=&#8221;middle&#8221; responsive_css=&#8221;margin_top_large:100px|margin_bottom_large:100px&#8221;][vc_column][vc_empty_space height=&#8221;100px&#8221;][vc_column_text]\n<h2 style=\"text-align: center;\">U\u017dKLAUSA I\u0160SI\u0172STA S\u0116KMINGAI!<\/h2>\n<p style=\"text-align: center;\"><strong>D\u0117kojame, J\u016bs\u0173 u\u017eklausa i\u0161si\u0173sta s\u0117kmingai. <\/strong><\/p>\n<p style=\"text-align: center;\"><strong>Greitu metu su Jumis susisieksime!<\/strong><\/p>\n[\/vc_column_text][vc_row_inner][vc_column_inner width=&#8221;1\/3&#8243;][\/vc_column_inner][vc_column_inner width=&#8221;1\/3&#8243; align=&#8221;text-center&#8221;]<style>.ld_button_69f25a6b58c09.btn-icon-solid .btn-icon{background:rgb(255, 0, 0);}.ld_button_69f25a6b58c09.btn-icon-circle.btn-icon-ripple .btn-icon:before{border-color:rgb(255, 0, 0);}.ld_button_69f25a6b58c09{background-color:rgb(255, 0, 0);border-color:rgb(255, 0, 0);}.ld_button_69f25a6b58c09 .btn-gradient-border defs stop:first-child{stop-color:rgb(255, 0, 0);}.ld_button_69f25a6b58c09 .btn-gradient-border defs stop:last-child{stop-color:rgb(255, 0, 0);}<\/style><a href=\"\/\" class=\"btn btn-solid round btn-bordered border-thin ld_button_69f25a6b58c09\">\n\t<span>\n\t\t\n\t\t\t\t\t<span class=\"btn-txt\">Atgal \u012f pagrindin\u012f<\/span>\n\t\t\t\n\t\t\t\t<\/span>\n<\/a>\n[\/vc_column_inner][vc_column_inner width=&#8221;1\/3&#8243;][\/vc_column_inner][\/vc_row_inner][vc_empty_space height=&#8221;100px&#8221;][\/vc_column][\/vc_row]\n<\/div>","protected":false},"excerpt":{"rendered":"<p>[vc_row gap=&#8221;0&#8243; equal_height=&#8221;yes&#8221; content_placement=&#8221;middle&#8221; responsive_css=&#8221;margin_top_large:100px|margin_bottom_large:100px&#8221;][vc_column][vc_empty_space height=&#8221;100px&#8221;][vc_column_text] U\u017dKLAUSA I\u0160SI\u0172STA S\u0116KMINGAI! D\u0117kojame, J\u016bs\u0173 u\u017eklausa i\u0161si\u0173sta s\u0117kmingai. Greitu&#8230;<\/p>\n","protected":false},"author":1,"featured_media":0,"parent":0,"menu_order":0,"comment_status":"closed","ping_status":"closed","template":"","meta":{"footnotes":""},"class_list":["post-4820","page","type-page","status-publish","hentry"],"yoast_head":"<!-- This site is optimized with the Yoast SEO plugin v25.0 - https:\/\/yoast.com\/wordpress\/plugins\/seo\/ -->\n<title>U\u017eklausa i\u0161si\u0173sta | Patikima automobili\u0173 nuoma Lietuvoje<\/title>\n<meta name=\"robots\" content=\"index, follow, max-snippet:-1, max-image-preview:large, max-video-preview:-1\" \/>\n<link rel=\"canonical\" href=\"https:\/\/www.vitarent.lt\/lt\/uzklausa-issiusta\/\" \/>\n<meta property=\"og:locale\" content=\"lt_LT\" \/>\n<meta property=\"og:type\" content=\"article\" \/>\n<meta property=\"og:title\" content=\"U\u017eklausa i\u0161si\u0173sta | Patikima automobili\u0173 nuoma Lietuvoje\" \/>\n<meta property=\"og:description\" content=\"[vc_row gap=&#8221;0&#8243; equal_height=&#8221;yes&#8221; content_placement=&#8221;middle&#8221; responsive_css=&#8221;margin_top_large:100px|margin_bottom_large:100px&#8221;][vc_column][vc_empty_space height=&#8221;100px&#8221;][vc_column_text] U\u017dKLAUSA I\u0160SI\u0172STA S\u0116KMINGAI! D\u0117kojame, J\u016bs\u0173 u\u017eklausa i\u0161si\u0173sta s\u0117kmingai. Greitu...\" \/>\n<meta property=\"og:url\" content=\"https:\/\/www.vitarent.lt\/lt\/uzklausa-issiusta\/\" \/>\n<meta property=\"og:site_name\" content=\"Patikima automobili\u0173 nuoma Lietuvoje\" \/>\n<meta property=\"article:publisher\" content=\"https:\/\/www.facebook.com\/vitarent.lt\/\" \/>\n<meta property=\"article:modified_time\" content=\"2025-01-10T15:10:40+00:00\" \/>\n<meta name=\"twitter:card\" content=\"summary_large_image\" \/>\n<meta name=\"twitter:label1\" content=\"Est. reading time\" \/>\n\t<meta name=\"twitter:data1\" content=\"1 minut\u0117\" \/>\n<script type=\"application\/ld+json\" class=\"yoast-schema-graph\">{\"@context\":\"https:\/\/schema.org\",\"@graph\":[{\"@type\":\"WebPage\",\"@id\":\"https:\/\/www.vitarent.lt\/lt\/uzklausa-issiusta\/\",\"url\":\"https:\/\/www.vitarent.lt\/lt\/uzklausa-issiusta\/\",\"name\":\"U\u017eklausa i\u0161si\u0173sta | Patikima automobili\u0173 nuoma Lietuvoje\",\"isPartOf\":{\"@id\":\"https:\/\/www.vitarent.lt\/lt\/#website\"},\"datePublished\":\"2020-03-04T07:03:52+00:00\",\"dateModified\":\"2025-01-10T15:10:40+00:00\",\"breadcrumb\":{\"@id\":\"https:\/\/www.vitarent.lt\/lt\/uzklausa-issiusta\/#breadcrumb\"},\"inLanguage\":\"lt-LT\",\"potentialAction\":[{\"@type\":\"ReadAction\",\"target\":[\"https:\/\/www.vitarent.lt\/lt\/uzklausa-issiusta\/\"]}]},{\"@type\":\"BreadcrumbList\",\"@id\":\"https:\/\/www.vitarent.lt\/lt\/uzklausa-issiusta\/#breadcrumb\",\"itemListElement\":[{\"@type\":\"ListItem\",\"position\":1,\"name\":\"Home\",\"item\":\"https:\/\/www.vitarent.lt\/lt\/\"},{\"@type\":\"ListItem\",\"position\":2,\"name\":\"U\u017eklausa i\u0161si\u0173sta\"}]},{\"@type\":\"WebSite\",\"@id\":\"https:\/\/www.vitarent.lt\/lt\/#website\",\"url\":\"https:\/\/www.vitarent.lt\/lt\/\",\"name\":\"Automobili\u0173 nuoma Lietuvoje ir Latvijoje\",\"description\":\"\",\"publisher\":{\"@id\":\"https:\/\/www.vitarent.lt\/lt\/#organization\"},\"potentialAction\":[{\"@type\":\"SearchAction\",\"target\":{\"@type\":\"EntryPoint\",\"urlTemplate\":\"https:\/\/www.vitarent.lt\/lt\/?s={search_term_string}\"},\"query-input\":{\"@type\":\"PropertyValueSpecification\",\"valueRequired\":true,\"valueName\":\"search_term_string\"}}],\"inLanguage\":\"lt-LT\"},{\"@type\":\"Organization\",\"@id\":\"https:\/\/www.vitarent.lt\/lt\/#organization\",\"name\":\"Vitarent.lt - automobili\u0173 nuoma Lietuvoje ir Latvijoje\",\"url\":\"https:\/\/www.vitarent.lt\/lt\/\",\"logo\":{\"@type\":\"ImageObject\",\"inLanguage\":\"lt-LT\",\"@id\":\"https:\/\/www.vitarent.lt\/lt\/#\/schema\/logo\/image\/\",\"url\":\"https:\/\/www.vitarent.lt\/wp-content\/uploads\/2019\/11\/vitarent13v.png\",\"contentUrl\":\"https:\/\/www.vitarent.lt\/wp-content\/uploads\/2019\/11\/vitarent13v.png\",\"width\":126,\"height\":50,\"caption\":\"Vitarent.lt - automobili\u0173 nuoma Lietuvoje ir Latvijoje\"},\"image\":{\"@id\":\"https:\/\/www.vitarent.lt\/lt\/#\/schema\/logo\/image\/\"},\"sameAs\":[\"https:\/\/www.facebook.com\/vitarent.lt\/\",\"https:\/\/www.instagram.com\/vitarent.lt_\/\"]}]}<\/script>\n<!-- \/ Yoast SEO plugin. -->","yoast_head_json":{"title":"U\u017eklausa i\u0161si\u0173sta | Patikima automobili\u0173 nuoma Lietuvoje","robots":{"index":"index","follow":"follow","max-snippet":"max-snippet:-1","max-image-preview":"max-image-preview:large","max-video-preview":"max-video-preview:-1"},"canonical":"https:\/\/www.vitarent.lt\/lt\/uzklausa-issiusta\/","og_locale":"lt_LT","og_type":"article","og_title":"U\u017eklausa i\u0161si\u0173sta | Patikima automobili\u0173 nuoma Lietuvoje","og_description":"[vc_row gap=&#8221;0&#8243; equal_height=&#8221;yes&#8221; content_placement=&#8221;middle&#8221; responsive_css=&#8221;margin_top_large:100px|margin_bottom_large:100px&#8221;][vc_column][vc_empty_space height=&#8221;100px&#8221;][vc_column_text] U\u017dKLAUSA I\u0160SI\u0172STA S\u0116KMINGAI! D\u0117kojame, J\u016bs\u0173 u\u017eklausa i\u0161si\u0173sta s\u0117kmingai. Greitu...","og_url":"https:\/\/www.vitarent.lt\/lt\/uzklausa-issiusta\/","og_site_name":"Patikima automobili\u0173 nuoma Lietuvoje","article_publisher":"https:\/\/www.facebook.com\/vitarent.lt\/","article_modified_time":"2025-01-10T15:10:40+00:00","twitter_card":"summary_large_image","twitter_misc":{"Est. reading time":"1 minut\u0117"},"schema":{"@context":"https:\/\/schema.org","@graph":[{"@type":"WebPage","@id":"https:\/\/www.vitarent.lt\/lt\/uzklausa-issiusta\/","url":"https:\/\/www.vitarent.lt\/lt\/uzklausa-issiusta\/","name":"U\u017eklausa i\u0161si\u0173sta | Patikima automobili\u0173 nuoma Lietuvoje","isPartOf":{"@id":"https:\/\/www.vitarent.lt\/lt\/#website"},"datePublished":"2020-03-04T07:03:52+00:00","dateModified":"2025-01-10T15:10:40+00:00","breadcrumb":{"@id":"https:\/\/www.vitarent.lt\/lt\/uzklausa-issiusta\/#breadcrumb"},"inLanguage":"lt-LT","potentialAction":[{"@type":"ReadAction","target":["https:\/\/www.vitarent.lt\/lt\/uzklausa-issiusta\/"]}]},{"@type":"BreadcrumbList","@id":"https:\/\/www.vitarent.lt\/lt\/uzklausa-issiusta\/#breadcrumb","itemListElement":[{"@type":"ListItem","position":1,"name":"Home","item":"https:\/\/www.vitarent.lt\/lt\/"},{"@type":"ListItem","position":2,"name":"U\u017eklausa i\u0161si\u0173sta"}]},{"@type":"WebSite","@id":"https:\/\/www.vitarent.lt\/lt\/#website","url":"https:\/\/www.vitarent.lt\/lt\/","name":"Automobili\u0173 nuoma Lietuvoje ir Latvijoje","description":"","publisher":{"@id":"https:\/\/www.vitarent.lt\/lt\/#organization"},"potentialAction":[{"@type":"SearchAction","target":{"@type":"EntryPoint","urlTemplate":"https:\/\/www.vitarent.lt\/lt\/?s={search_term_string}"},"query-input":{"@type":"PropertyValueSpecification","valueRequired":true,"valueName":"search_term_string"}}],"inLanguage":"lt-LT"},{"@type":"Organization","@id":"https:\/\/www.vitarent.lt\/lt\/#organization","name":"Vitarent.lt - automobili\u0173 nuoma Lietuvoje ir Latvijoje","url":"https:\/\/www.vitarent.lt\/lt\/","logo":{"@type":"ImageObject","inLanguage":"lt-LT","@id":"https:\/\/www.vitarent.lt\/lt\/#\/schema\/logo\/image\/","url":"https:\/\/www.vitarent.lt\/wp-content\/uploads\/2019\/11\/vitarent13v.png","contentUrl":"https:\/\/www.vitarent.lt\/wp-content\/uploads\/2019\/11\/vitarent13v.png","width":126,"height":50,"caption":"Vitarent.lt - automobili\u0173 nuoma Lietuvoje ir Latvijoje"},"image":{"@id":"https:\/\/www.vitarent.lt\/lt\/#\/schema\/logo\/image\/"},"sameAs":["https:\/\/www.facebook.com\/vitarent.lt\/","https:\/\/www.instagram.com\/vitarent.lt_\/"]}]}},"_links":{"self":[{"href":"https:\/\/www.vitarent.lt\/lt\/wp-json\/wp\/v2\/pages\/4820","targetHints":{"allow":["GET"]}}],"collection":[{"href":"https:\/\/www.vitarent.lt\/lt\/wp-json\/wp\/v2\/pages"}],"about":[{"href":"https:\/\/www.vitarent.lt\/lt\/wp-json\/wp\/v2\/types\/page"}],"author":[{"embeddable":true,"href":"https:\/\/www.vitarent.lt\/lt\/wp-json\/wp\/v2\/users\/1"}],"replies":[{"embeddable":true,"href":"https:\/\/www.vitarent.lt\/lt\/wp-json\/wp\/v2\/comments?post=4820"}],"version-history":[{"count":4,"href":"https:\/\/www.vitarent.lt\/lt\/wp-json\/wp\/v2\/pages\/4820\/revisions"}],"predecessor-version":[{"id":7555,"href":"https:\/\/www.vitarent.lt\/lt\/wp-json\/wp\/v2\/pages\/4820\/revisions\/7555"}],"wp:attachment":[{"href":"https:\/\/www.vitarent.lt\/lt\/wp-json\/wp\/v2\/media?parent=4820"}],"curies":[{"name":"wp","href":"https:\/\/api.w.org\/{rel}","templated":true}]}}