{"id":5387,"date":"2021-01-11T11:26:45","date_gmt":"2021-01-11T09:26:45","guid":{"rendered":"https:\/\/www.vitarent.lt\/?page_id=5387"},"modified":"2025-10-08T21:30:50","modified_gmt":"2025-10-08T18:30:50","slug":"vw-golf-v7","status":"publish","type":"page","link":"https:\/\/www.vitarent.lt\/lt\/vw-golf-v7\/","title":{"rendered":"VW Golf v7"},"content":{"rendered":"<div class=\"wpb-content-wrapper\">[vc_row css=&#8221;.vc_custom_1611053256703{padding-top: 20px !important;}&#8221;][vc_column][vc_column_text]\n<p style=\"text-align: center;\"><strong><span style=\"font-size: 32px;\">U\u017eklausos forma<\/span><\/strong><\/p>\n[\/vc_column_text][vc_column_text]<div class=\"wpforms-container wpforms-container-full\" id=\"wpforms-4386\"><form id=\"wpforms-form-4386\" class=\"wpforms-validate wpforms-form\" data-formid=\"4386\" method=\"post\" enctype=\"multipart\/form-data\" action=\"\/lt\/wp-json\/wp\/v2\/pages\/5387\" data-token=\"fffcd44cf1dd0c450848bee32d71b435\"><noscript class=\"wpforms-error-noscript\">Please enable JavaScript in your browser to complete this form.<\/noscript><div class=\"wpforms-field-container\"><div id=\"wpforms-4386-field_9-container\" class=\"wpforms-field wpforms-field-select wpforms-one-half wpforms-first wpforms-mobile-full wpforms-conditional-trigger wpforms-field-select-style-classic\" data-field-id=\"9\"><label class=\"wpforms-field-label\" for=\"wpforms-4386-field_9\">Automobilio pa\u0117mimas: <span class=\"wpforms-required-label\">*<\/span><\/label><select id=\"wpforms-4386-field_9\" class=\"wpforms-field-large wpforms-field-required\" name=\"wpforms[fields][9]\" required=\"required\"><option value=\"\" class=\"placeholder\" disabled  selected='selected'>Pasirinkite viet\u0105<\/option><option value=\"Vilniaus oro uostas\" >Vilniaus oro uostas<\/option><option value=\"Kauno oro uostas\" >Kauno oro uostas<\/option><option value=\"Palangos oro uostas\" >Palangos oro uostas<\/option><option value=\"-Nurodykite savo-\" >-Nurodykite savo-<\/option><\/select><\/div><div id=\"wpforms-4386-field_7-container\" class=\"wpforms-field wpforms-field-date-time wpforms-one-fourth wpforms-one-fourthpicker wpforms-one-half wpforms-mobile-full wpmonks-onfocus\" data-field-id=\"7\"><label class=\"wpforms-field-label\" for=\"wpforms-4386-field_7\">Pa\u0117mimo data: <span class=\"wpforms-required-label\">*<\/span><\/label><div class=\"wpforms-datepicker-wrap\"><input type=\"text\" id=\"wpforms-4386-field_7\" class=\"wpforms-field-date-time-date wpforms-datepicker wpforms-field-required wpforms-field-large\" data-date-format=\"Y-m-d\" data-disable-past-dates=\"0\" data-input=\"true\" name=\"wpforms[fields][7][date]\" placeholder=\"Data\" required><a title=\"Clear Date\" data-clear class=\"wpforms-datepicker-clear\" style=\"display:none;\"><\/a><\/div><\/div><div id=\"wpforms-4386-field_25-container\" class=\"wpforms-field wpforms-field-date-time walwpf-timepicker wpforms-one-fourth wpforms-one-fourthpicker wpforms-one-half wpforms-mobile-full wpmonks-onfocus\" data-field-id=\"25\"><label class=\"wpforms-field-label\" for=\"wpforms-4386-field_25\">Pa\u0117mimo laikas: <span class=\"wpforms-required-label\">*<\/span><\/label><input type=\"text\" id=\"wpforms-4386-field_25-time\" class=\"wpforms-field-date-time-time wpforms-timepicker wpforms-field-required wpforms-field-large\" data-rule-time24h=\"true\" data-time-format=\"H:i\" data-step=\"15\" name=\"wpforms[fields][25][time]\" placeholder=\"Laikas\" required><\/div><div id=\"wpforms-4386-field_16-container\" class=\"wpforms-field wpforms-field-text wpforms-mobile-full wpforms-conditional-field wpforms-conditional-show\" data-field-id=\"16\" style=\"display:none;\"><label class=\"wpforms-field-label\" for=\"wpforms-4386-field_16\">Pa\u0117mimo adresas:<\/label><input type=\"text\" id=\"wpforms-4386-field_16\" class=\"wpforms-field-large\" name=\"wpforms[fields][16]\" placeholder=\"\u012eveskite tiksl\u0173 adres\u0105\" ><\/div><div id=\"wpforms-4386-field_11-container\" class=\"wpforms-field wpforms-field-select wpforms-one-half wpforms-first wpforms-mobile-full wpforms-conditional-trigger wpforms-field-select-style-classic\" data-field-id=\"11\"><label class=\"wpforms-field-label\" for=\"wpforms-4386-field_11\">Automobilio gr\u0105\u017einimas: <span class=\"wpforms-required-label\">*<\/span><\/label><select id=\"wpforms-4386-field_11\" class=\"wpforms-field-large wpforms-field-required\" name=\"wpforms[fields][11]\" required=\"required\"><option value=\"\" class=\"placeholder\" disabled  selected='selected'>Pasirinkite viet\u0105<\/option><option value=\"Vilniaus oro uostas\" >Vilniaus oro uostas<\/option><option value=\"Kauno oro uostas\" >Kauno oro uostas<\/option><option value=\"Palangos oro uostas\" >Palangos oro uostas<\/option><option value=\"-Nurodykite savo-\" >-Nurodykite savo-<\/option><\/select><\/div><div id=\"wpforms-4386-field_12-container\" class=\"wpforms-field wpforms-field-date-time wpforms-one-fourth wpforms-one-fourthpicker wpforms-one-half wpforms-mobile-full wpmonks-onfocus\" data-field-id=\"12\"><label class=\"wpforms-field-label\" for=\"wpforms-4386-field_12\">Gr\u0105\u017einimo data: <span class=\"wpforms-required-label\">*<\/span><\/label><div class=\"wpforms-datepicker-wrap\"><input type=\"text\" id=\"wpforms-4386-field_12\" class=\"wpforms-field-date-time-date wpforms-datepicker wpforms-field-required wpforms-field-large\" data-date-format=\"Y-m-d\" data-disable-past-dates=\"0\" data-input=\"true\" name=\"wpforms[fields][12][date]\" placeholder=\"Data\" required><a title=\"Clear Date\" data-clear class=\"wpforms-datepicker-clear\" style=\"display:none;\"><\/a><\/div><\/div><div id=\"wpforms-4386-field_26-container\" class=\"wpforms-field wpforms-field-date-time walwpf-timepicker wpforms-one-fourth wpforms-one-fourthpicker wpforms-one-half wpforms-mobile-full wpmonks-onfocus\" data-field-id=\"26\"><label class=\"wpforms-field-label\" for=\"wpforms-4386-field_26\">Gr\u0105\u017einimo laikas: <span class=\"wpforms-required-label\">*<\/span><\/label><input type=\"text\" id=\"wpforms-4386-field_26-time\" class=\"wpforms-field-date-time-time wpforms-timepicker wpforms-field-required wpforms-field-large\" data-rule-time24h=\"true\" data-time-format=\"H:i\" data-step=\"15\" name=\"wpforms[fields][26][time]\" placeholder=\"Laikas\" required><\/div><div id=\"wpforms-4386-field_17-container\" class=\"wpforms-field wpforms-field-text wpforms-mobile-full wpforms-conditional-field wpforms-conditional-show\" data-field-id=\"17\" style=\"display:none;\"><label class=\"wpforms-field-label\" for=\"wpforms-4386-field_17\">Gr\u0105\u017einimo adresas:<\/label><input type=\"text\" id=\"wpforms-4386-field_17\" class=\"wpforms-field-large\" name=\"wpforms[fields][17]\" placeholder=\"\u012eveskite tiksl\u0173 adres\u0105\" ><\/div><div id=\"wpforms-4386-field_0-container\" class=\"wpforms-field wpforms-field-name wpforms-mobile-full\" data-field-id=\"0\"><label class=\"wpforms-field-label wpforms-label-hide\" for=\"wpforms-4386-field_0\">Vardas, pavard\u0117 <span class=\"wpforms-required-label\">*<\/span><\/label><div class=\"wpforms-field-row wpforms-field-large\"><div class=\"wpforms-field-row-block wpforms-first wpforms-one-half\"><input type=\"text\" id=\"wpforms-4386-field_0\" class=\"wpforms-field-name-first wpforms-field-required\" name=\"wpforms[fields][0][first]\" placeholder=\"Vardas\" required><label for=\"wpforms-4386-field_0\" class=\"wpforms-field-sublabel after wpforms-sublabel-hide\">First<\/label><\/div><div class=\"wpforms-field-row-block wpforms-one-half\"><input type=\"text\" id=\"wpforms-4386-field_0-last\" class=\"wpforms-field-name-last wpforms-field-required\" name=\"wpforms[fields][0][last]\" placeholder=\"Pavard\u0117\" required><label for=\"wpforms-4386-field_0-last\" class=\"wpforms-field-sublabel after wpforms-sublabel-hide\">Last<\/label><\/div><\/div><\/div><div id=\"wpforms-4386-field_2-container\" class=\"wpforms-field wpforms-field-phone wpforms-one-half wpforms-first wpforms-mobile-full\" data-field-id=\"2\"><label class=\"wpforms-field-label wpforms-label-hide\" for=\"wpforms-4386-field_2\">Telefonas <span class=\"wpforms-required-label\">*<\/span><\/label><input type=\"tel\" id=\"wpforms-4386-field_2\" class=\"wpforms-field-large wpforms-field-required wpforms-smart-phone-field\" data-rule-smart-phone-field=\"true\" name=\"wpforms[fields][2]\" placeholder=\"Telefonas\" required><\/div><div id=\"wpforms-4386-field_1-container\" class=\"wpforms-field wpforms-field-email wpforms-one-half wpforms-mobile-full\" data-field-id=\"1\"><label class=\"wpforms-field-label wpforms-label-hide\" for=\"wpforms-4386-field_1\">El. pa\u0161tas <span class=\"wpforms-required-label\">*<\/span><\/label><input type=\"email\" id=\"wpforms-4386-field_1\" class=\"wpforms-field-large wpforms-field-required\" name=\"wpforms[fields][1]\" placeholder=\"El. pa\u0161to adresas\" required><\/div><div id=\"wpforms-4386-field_6-container\" class=\"wpforms-field wpforms-field-textarea\" data-field-id=\"6\"><label class=\"wpforms-field-label wpforms-label-hide\" for=\"wpforms-4386-field_6\">Papildoma informacija <span class=\"wpforms-required-label\">*<\/span><\/label><textarea id=\"wpforms-4386-field_6\" class=\"wpforms-field-medium wpforms-field-required\" name=\"wpforms[fields][6]\" placeholder=\"Papildoma informacija..\" required><\/textarea><\/div><div id=\"wpforms-4386-field_14-container\" class=\"wpforms-field wpforms-field-checkbox wpforms-list-inline\" data-field-id=\"14\"><label class=\"wpforms-field-label\" for=\"wpforms-4386-field_14\">Papildomi priedai:<\/label><ul id=\"wpforms-4386-field_14\"><li class=\"choice-1 depth-1\"><input type=\"checkbox\" id=\"wpforms-4386-field_14_1\" name=\"wpforms[fields][14][]\" value=\"Papildomas vairuotojas: 3.00\u20ac \/ para\"  ><label class=\"wpforms-field-label-inline\" for=\"wpforms-4386-field_14_1\">Papildomas vairuotojas: 3.00\u20ac \/ para<\/label><\/li><li class=\"choice-2 depth-1\"><input type=\"checkbox\" id=\"wpforms-4386-field_14_2\" name=\"wpforms[fields][14][]\" value=\"Vaiki\u0161ka k\u0117dut\u0117: 3.00\u20ac \/ para\"  ><label class=\"wpforms-field-label-inline\" for=\"wpforms-4386-field_14_2\">Vaiki\u0161ka k\u0117dut\u0117: 3.00\u20ac \/ para<\/label><\/li><li class=\"choice-5 depth-1\"><input type=\"checkbox\" id=\"wpforms-4386-field_14_5\" name=\"wpforms[fields][14][]\" value=\"Paauk\u0161tinimas (pasost\u0117): 2.00\u20ac \/ para\"  ><label class=\"wpforms-field-label-inline\" for=\"wpforms-4386-field_14_5\">Paauk\u0161tinimas (pasost\u0117): 2.00\u20ac \/ para<\/label><\/li><li class=\"choice-3 depth-1\"><input type=\"checkbox\" id=\"wpforms-4386-field_14_3\" name=\"wpforms[fields][14][]\" value=\"Pilnas draudimas: depozitas - 200\u20ac (Nuomininko atsakomyb\u0117 draudiminio \u012fvykio ir vagyst\u0117s atveju \u2013 iki 0 \u20ac)\"  ><label class=\"wpforms-field-label-inline\" for=\"wpforms-4386-field_14_3\">Pilnas draudimas: depozitas - 200\u20ac (Nuomininko atsakomyb\u0117 draudiminio \u012fvykio ir vagyst\u0117s atveju \u2013 iki 0 \u20ac)<\/label><\/li><li class=\"choice-4 depth-1\"><input type=\"checkbox\" id=\"wpforms-4386-field_14_4\" name=\"wpforms[fields][14][]\" value=\"Standartinis draudimas: depozitas - 800\u20ac (Nuomininko atsakomyb\u0117 draudiminio \u012fvykio atveju \u2013 iki 1100 \u20ac, o vagyst\u0117s atveju \u2013 10 % nuo automobilio vert\u0117s)\"  ><label class=\"wpforms-field-label-inline\" for=\"wpforms-4386-field_14_4\">Standartinis draudimas: depozitas - 800\u20ac (Nuomininko atsakomyb\u0117 draudiminio \u012fvykio atveju \u2013 iki 1100 \u20ac, o vagyst\u0117s atveju \u2013 10 % nuo automobilio vert\u0117s)<\/label><\/li><\/ul><\/div><div id=\"wpforms-4386-field_22-container\" class=\"wpforms-field wpforms-field-checkbox\" data-field-id=\"22\"><ul id=\"wpforms-4386-field_22\" class=\"wpforms-field-required\"><li class=\"choice-3 depth-1\"><input type=\"checkbox\" id=\"wpforms-4386-field_22_3\" name=\"wpforms[fields][22][]\" value=\"Patvirtinu, kad vairuotojo am\u017eius ne ma\u017eesnis nei 21 metai.\" required ><label class=\"wpforms-field-label-inline\" for=\"wpforms-4386-field_22_3\">Patvirtinu, kad vairuotojo am\u017eius ne ma\u017eesnis nei 21 metai.<\/label><\/li><\/ul><div class=\"wpforms-field-description\"><span style=\"color: #cc0000;\"><strong>Privalomas laukelis.<\/strong><\/span> Daugiau informacijos apie nuomos s\u0105lygas rasite <a target=\"_blank\" rel=\"noopener noreferrer\" href=\"https:\/\/www.vitarent.lt\/lt\/nuomos-salygos\/\"><span style=\"color:#179654;\"><strong><u>\u010dia<\/u><\/strong><\/span><\/a>.<\/div><\/div><div id=\"wpforms-4386-field_23-container\" class=\"wpforms-field wpforms-field-checkbox\" data-field-id=\"23\"><ul id=\"wpforms-4386-field_23\" class=\"wpforms-field-required\"><li class=\"choice-3 depth-1\"><input type=\"checkbox\" id=\"wpforms-4386-field_23_3\" name=\"wpforms[fields][23][]\" value=\"Patvirtinu, kad vairuotojo vairavimo sta\u017eas ne ma\u017eesnis nei 3 metai.\" required ><label class=\"wpforms-field-label-inline\" for=\"wpforms-4386-field_23_3\">Patvirtinu, kad vairuotojo vairavimo sta\u017eas ne ma\u017eesnis nei 3 metai.<\/label><\/li><\/ul><div class=\"wpforms-field-description\"><span style=\"color: #cc0000;\"><strong>Privalomas laukelis.<\/strong><\/span> Daugiau informacijos apie nuomos s\u0105lygas rasite <a target=\"_blank\" rel=\"noopener noreferrer\" href=\"https:\/\/www.vitarent.lt\/lt\/nuomos-salygos\/\"><span style=\"color:#179654;\"><strong><u>\u010dia<\/u><\/strong><\/span><\/a>.<\/div><\/div><div id=\"wpforms-4386-field_24-container\" class=\"wpforms-field wpforms-field-checkbox\" data-field-id=\"24\"><ul id=\"wpforms-4386-field_24\" class=\"wpforms-field-required\"><li class=\"choice-3 depth-1\"><input type=\"checkbox\" id=\"wpforms-4386-field_24_3\" name=\"wpforms[fields][24][]\" value=\"R\u016bkyti automobilyje grie\u017etai draud\u017eiama. Patvirtinu, kad perskai\u010diau ir sutinku su auk\u0161\u010diau pateikta s\u0105lyga.\" required ><label class=\"wpforms-field-label-inline\" for=\"wpforms-4386-field_24_3\">R\u016bkyti automobilyje grie\u017etai draud\u017eiama. Patvirtinu, kad perskai\u010diau ir sutinku su auk\u0161\u010diau pateikta s\u0105lyga.<\/label><\/li><\/ul><div class=\"wpforms-field-description\"><span style=\"color: #cc0000;\"><strong>Privalomas laukelis.<\/strong><\/span> Daugiau informacijos apie nuomos s\u0105lygas rasite <a target=\"_blank\" rel=\"noopener noreferrer\" href=\"https:\/\/www.vitarent.lt\/lt\/nuomos-salygos\/\"><span style=\"color:#179654;\"><strong><u>\u010dia<\/u><\/strong><\/span><\/a>.<\/div><\/div><\/div><div class=\"wpforms-field wpforms-field-hp\"><label for=\"wpforms-4386-field-hp\" class=\"wpforms-field-label\">Phone<\/label><input type=\"text\" name=\"wpforms[hp]\" id=\"wpforms-4386-field-hp\" class=\"wpforms-field-medium\"><\/div><div class=\"wpforms-submit-container\" ><input type=\"hidden\" name=\"wpforms[id]\" value=\"4386\"><input type=\"hidden\" name=\"wpforms[author]\" value=\"1\"><button type=\"submit\" name=\"wpforms[submit]\" class=\"wpforms-submit \" id=\"wpforms-submit-4386\" value=\"wpforms-submit\" aria-live=\"assertive\" data-alt-text=\"Siun\u010diama u\u017eklausa..\" data-submit-text=\"Si\u0173sti u\u017eklaus\u0105\">Si\u0173sti u\u017eklaus\u0105<\/button><\/div><\/form><\/div>  <!-- .wpforms-container -->[\/vc_column_text][\/vc_column][\/vc_row]\n<\/div>","protected":false},"excerpt":{"rendered":"<p>[vc_row css=&#8221;.vc_custom_1611053256703{padding-top: 20px !important;}&#8221;][vc_column][vc_column_text] U\u017eklausos forma [\/vc_column_text][vc_column_text][\/vc_column_text][\/vc_column][\/vc_row]<\/p>\n","protected":false},"author":1,"featured_media":0,"parent":0,"menu_order":0,"comment_status":"closed","ping_status":"closed","template":"","meta":{"footnotes":""},"class_list":["post-5387","page","type-page","status-publish","hentry"],"yoast_head":"<!-- This site is optimized with the Yoast SEO plugin v25.0 - https:\/\/yoast.com\/wordpress\/plugins\/seo\/ -->\n<title>VW Golf v7 | Patikima automobili\u0173 nuoma Lietuvoje<\/title>\n<meta name=\"robots\" content=\"index, follow, max-snippet:-1, max-image-preview:large, max-video-preview:-1\" \/>\n<link rel=\"canonical\" href=\"https:\/\/www.vitarent.lt\/lt\/vw-golf-v7\/\" \/>\n<meta property=\"og:locale\" content=\"lt_LT\" \/>\n<meta property=\"og:type\" content=\"article\" \/>\n<meta property=\"og:title\" content=\"VW Golf v7 | Patikima automobili\u0173 nuoma Lietuvoje\" \/>\n<meta property=\"og:description\" content=\"[vc_row css=&#8221;.vc_custom_1611053256703{padding-top: 20px !important;}&#8221;][vc_column][vc_column_text] U\u017eklausos forma [\/vc_column_text][vc_column_text][\/vc_column_text][\/vc_column][\/vc_row]\" \/>\n<meta property=\"og:url\" content=\"https:\/\/www.vitarent.lt\/lt\/vw-golf-v7\/\" \/>\n<meta property=\"og:site_name\" content=\"Patikima automobili\u0173 nuoma Lietuvoje\" \/>\n<meta property=\"article:publisher\" content=\"https:\/\/www.facebook.com\/vitarent.lt\/\" \/>\n<meta property=\"article:modified_time\" content=\"2025-10-08T18:30:50+00:00\" \/>\n<meta name=\"twitter:card\" content=\"summary_large_image\" \/>\n<meta name=\"twitter:label1\" content=\"Est. reading time\" \/>\n\t<meta name=\"twitter:data1\" content=\"1 minut\u0117\" \/>\n<script type=\"application\/ld+json\" class=\"yoast-schema-graph\">{\"@context\":\"https:\/\/schema.org\",\"@graph\":[{\"@type\":\"WebPage\",\"@id\":\"https:\/\/www.vitarent.lt\/lt\/vw-golf-v7\/\",\"url\":\"https:\/\/www.vitarent.lt\/lt\/vw-golf-v7\/\",\"name\":\"VW Golf v7 | Patikima automobili\u0173 nuoma Lietuvoje\",\"isPartOf\":{\"@id\":\"https:\/\/www.vitarent.lt\/lt\/#website\"},\"datePublished\":\"2021-01-11T09:26:45+00:00\",\"dateModified\":\"2025-10-08T18:30:50+00:00\",\"breadcrumb\":{\"@id\":\"https:\/\/www.vitarent.lt\/lt\/vw-golf-v7\/#breadcrumb\"},\"inLanguage\":\"lt-LT\",\"potentialAction\":[{\"@type\":\"ReadAction\",\"target\":[\"https:\/\/www.vitarent.lt\/lt\/vw-golf-v7\/\"]}]},{\"@type\":\"BreadcrumbList\",\"@id\":\"https:\/\/www.vitarent.lt\/lt\/vw-golf-v7\/#breadcrumb\",\"itemListElement\":[{\"@type\":\"ListItem\",\"position\":1,\"name\":\"Home\",\"item\":\"https:\/\/www.vitarent.lt\/lt\/\"},{\"@type\":\"ListItem\",\"position\":2,\"name\":\"VW Golf v7\"}]},{\"@type\":\"WebSite\",\"@id\":\"https:\/\/www.vitarent.lt\/lt\/#website\",\"url\":\"https:\/\/www.vitarent.lt\/lt\/\",\"name\":\"Automobili\u0173 nuoma Lietuvoje ir Latvijoje\",\"description\":\"\",\"publisher\":{\"@id\":\"https:\/\/www.vitarent.lt\/lt\/#organization\"},\"potentialAction\":[{\"@type\":\"SearchAction\",\"target\":{\"@type\":\"EntryPoint\",\"urlTemplate\":\"https:\/\/www.vitarent.lt\/lt\/?s={search_term_string}\"},\"query-input\":{\"@type\":\"PropertyValueSpecification\",\"valueRequired\":true,\"valueName\":\"search_term_string\"}}],\"inLanguage\":\"lt-LT\"},{\"@type\":\"Organization\",\"@id\":\"https:\/\/www.vitarent.lt\/lt\/#organization\",\"name\":\"Vitarent.lt - automobili\u0173 nuoma Lietuvoje ir Latvijoje\",\"url\":\"https:\/\/www.vitarent.lt\/lt\/\",\"logo\":{\"@type\":\"ImageObject\",\"inLanguage\":\"lt-LT\",\"@id\":\"https:\/\/www.vitarent.lt\/lt\/#\/schema\/logo\/image\/\",\"url\":\"https:\/\/www.vitarent.lt\/wp-content\/uploads\/2019\/11\/vitarent13v.png\",\"contentUrl\":\"https:\/\/www.vitarent.lt\/wp-content\/uploads\/2019\/11\/vitarent13v.png\",\"width\":126,\"height\":50,\"caption\":\"Vitarent.lt - automobili\u0173 nuoma Lietuvoje ir Latvijoje\"},\"image\":{\"@id\":\"https:\/\/www.vitarent.lt\/lt\/#\/schema\/logo\/image\/\"},\"sameAs\":[\"https:\/\/www.facebook.com\/vitarent.lt\/\",\"https:\/\/www.instagram.com\/vitarent.lt_\/\"]}]}<\/script>\n<!-- \/ Yoast SEO plugin. -->","yoast_head_json":{"title":"VW Golf v7 | Patikima automobili\u0173 nuoma Lietuvoje","robots":{"index":"index","follow":"follow","max-snippet":"max-snippet:-1","max-image-preview":"max-image-preview:large","max-video-preview":"max-video-preview:-1"},"canonical":"https:\/\/www.vitarent.lt\/lt\/vw-golf-v7\/","og_locale":"lt_LT","og_type":"article","og_title":"VW Golf v7 | Patikima automobili\u0173 nuoma Lietuvoje","og_description":"[vc_row css=&#8221;.vc_custom_1611053256703{padding-top: 20px !important;}&#8221;][vc_column][vc_column_text] U\u017eklausos forma [\/vc_column_text][vc_column_text][\/vc_column_text][\/vc_column][\/vc_row]","og_url":"https:\/\/www.vitarent.lt\/lt\/vw-golf-v7\/","og_site_name":"Patikima automobili\u0173 nuoma Lietuvoje","article_publisher":"https:\/\/www.facebook.com\/vitarent.lt\/","article_modified_time":"2025-10-08T18:30:50+00:00","twitter_card":"summary_large_image","twitter_misc":{"Est. reading time":"1 minut\u0117"},"schema":{"@context":"https:\/\/schema.org","@graph":[{"@type":"WebPage","@id":"https:\/\/www.vitarent.lt\/lt\/vw-golf-v7\/","url":"https:\/\/www.vitarent.lt\/lt\/vw-golf-v7\/","name":"VW Golf v7 | Patikima automobili\u0173 nuoma Lietuvoje","isPartOf":{"@id":"https:\/\/www.vitarent.lt\/lt\/#website"},"datePublished":"2021-01-11T09:26:45+00:00","dateModified":"2025-10-08T18:30:50+00:00","breadcrumb":{"@id":"https:\/\/www.vitarent.lt\/lt\/vw-golf-v7\/#breadcrumb"},"inLanguage":"lt-LT","potentialAction":[{"@type":"ReadAction","target":["https:\/\/www.vitarent.lt\/lt\/vw-golf-v7\/"]}]},{"@type":"BreadcrumbList","@id":"https:\/\/www.vitarent.lt\/lt\/vw-golf-v7\/#breadcrumb","itemListElement":[{"@type":"ListItem","position":1,"name":"Home","item":"https:\/\/www.vitarent.lt\/lt\/"},{"@type":"ListItem","position":2,"name":"VW Golf v7"}]},{"@type":"WebSite","@id":"https:\/\/www.vitarent.lt\/lt\/#website","url":"https:\/\/www.vitarent.lt\/lt\/","name":"Automobili\u0173 nuoma Lietuvoje ir Latvijoje","description":"","publisher":{"@id":"https:\/\/www.vitarent.lt\/lt\/#organization"},"potentialAction":[{"@type":"SearchAction","target":{"@type":"EntryPoint","urlTemplate":"https:\/\/www.vitarent.lt\/lt\/?s={search_term_string}"},"query-input":{"@type":"PropertyValueSpecification","valueRequired":true,"valueName":"search_term_string"}}],"inLanguage":"lt-LT"},{"@type":"Organization","@id":"https:\/\/www.vitarent.lt\/lt\/#organization","name":"Vitarent.lt - automobili\u0173 nuoma Lietuvoje ir Latvijoje","url":"https:\/\/www.vitarent.lt\/lt\/","logo":{"@type":"ImageObject","inLanguage":"lt-LT","@id":"https:\/\/www.vitarent.lt\/lt\/#\/schema\/logo\/image\/","url":"https:\/\/www.vitarent.lt\/wp-content\/uploads\/2019\/11\/vitarent13v.png","contentUrl":"https:\/\/www.vitarent.lt\/wp-content\/uploads\/2019\/11\/vitarent13v.png","width":126,"height":50,"caption":"Vitarent.lt - automobili\u0173 nuoma Lietuvoje ir Latvijoje"},"image":{"@id":"https:\/\/www.vitarent.lt\/lt\/#\/schema\/logo\/image\/"},"sameAs":["https:\/\/www.facebook.com\/vitarent.lt\/","https:\/\/www.instagram.com\/vitarent.lt_\/"]}]}},"_links":{"self":[{"href":"https:\/\/www.vitarent.lt\/lt\/wp-json\/wp\/v2\/pages\/5387","targetHints":{"allow":["GET"]}}],"collection":[{"href":"https:\/\/www.vitarent.lt\/lt\/wp-json\/wp\/v2\/pages"}],"about":[{"href":"https:\/\/www.vitarent.lt\/lt\/wp-json\/wp\/v2\/types\/page"}],"author":[{"embeddable":true,"href":"https:\/\/www.vitarent.lt\/lt\/wp-json\/wp\/v2\/users\/1"}],"replies":[{"embeddable":true,"href":"https:\/\/www.vitarent.lt\/lt\/wp-json\/wp\/v2\/comments?post=5387"}],"version-history":[{"count":22,"href":"https:\/\/www.vitarent.lt\/lt\/wp-json\/wp\/v2\/pages\/5387\/revisions"}],"predecessor-version":[{"id":8511,"href":"https:\/\/www.vitarent.lt\/lt\/wp-json\/wp\/v2\/pages\/5387\/revisions\/8511"}],"wp:attachment":[{"href":"https:\/\/www.vitarent.lt\/lt\/wp-json\/wp\/v2\/media?parent=5387"}],"curies":[{"name":"wp","href":"https:\/\/api.w.org\/{rel}","templated":true}]}}