{"id":551,"date":"2019-11-17T13:55:13","date_gmt":"2019-11-17T15:55:13","guid":{"rendered":"http:\/\/vitarent.lt\/?page_id=551"},"modified":"2025-11-14T11:35:56","modified_gmt":"2025-11-14T09:35:56","slug":"ilgalaike-nuoma","status":"publish","type":"page","link":"https:\/\/www.vitarent.lt\/lt\/ilgalaike-nuoma\/","title":{"rendered":"Ilgalaik\u0117 nuoma"},"content":{"rendered":"<div class=\"wpb-content-wrapper\">[vc_row css=&#8221;.vc_custom_1737124991309{padding-top: 50px !important;padding-bottom: 30px !important;}&#8221; responsive_css=&#8221;padding_top_large:50px&#8221;][vc_column css=&#8221;.vc_custom_1574852571830{margin-right: 20px !important;margin-left: 20px !important;}&#8221;][vc_column_text]\n<p data-start=\"33\" data-end=\"104\"><span style=\"font-size: 21px;\"><strong data-start=\"33\" data-end=\"102\">Ilgalaik\u0117 Automobili\u0173 Nuoma \u2013 Protingas Pasirinkimas J\u016bs\u0173 Verslui<\/strong><\/span><\/p>\n<p data-start=\"106\" data-end=\"339\">Ilgalaik\u0117 Automobili\u0173 nuoma yra visame pasaulyje populiarus ir pla\u010diai taikomas b\u016bdas apr\u016bpinti \u012fmon\u0117s darbuotojus Transporto priemon\u0117mis. Lietuvoje tai \u2013 tiesiausias kelias \u012f J\u016bs\u0173 \u012fmon\u0117s s\u0117km\u0119, padedantis taupyti laik\u0105 ir pinigus.<\/p>\n<p data-start=\"341\" data-end=\"619\"><strong data-start=\"341\" data-end=\"355\">\u201eVitarent\u201c<\/strong> si\u016blo lanks\u010dias ilgalaik\u0117s Automobili\u0173 nuomos s\u0105lygas \u012fvairi\u0173 modeli\u0173 ir klasi\u0173 Automobiliams Lietuvoje. \u0160i paslauga leid\u017eia nuomotis Transporto priemon\u0119 vienam m\u0117nesiui arba ilgesniam laikotarpiui, suteikdama galimyb\u0119 skland\u017eiai vykdyti savo planus ir i\u0161vykas.<\/p>\n<p data-start=\"621\" data-end=\"927\">M\u016bs\u0173 ilgalaik\u0117s nuomos paslaugos ypa\u010d populiarios verslo sektoriuje \u2013 tai puikus sprendimas \u012fmon\u0117ms, siekian\u010dioms patikimai valdyti savo Automobili\u0173 park\u0105. Taip pat <strong data-start=\"786\" data-end=\"800\">\u201eVitarent\u201c<\/strong> si\u016blo ilgalaik\u0119 nuom\u0105 ir fiziniams asmenims, kurie nori i\u0161vengti r\u016bpes\u010di\u0173, susijusi\u0173 su Automobilio prie\u017ei\u016bra ir i\u0161laidomis.<\/p>\n<p data-start=\"929\" data-end=\"1047\">Kiekvienam verslui ar asmeniui Automobilis yra ne tik pagrindin\u0117 susisiekimo priemon\u0117, bet ir b\u016btinas darbo \u012frankis.<\/p>\n<p data-start=\"1049\" data-end=\"1220\">Visos m\u016bs\u0173 Transporto priemon\u0117s yra techni\u0161kai tvarkingos, \u0161varios ir paruo\u0161tos darbui. Automobiliai patog\u016bs, ekonomi\u0161ki ir atitinkantys auk\u0161\u010diausius kokyb\u0117s standartus.<\/p>\n<p data-start=\"1222\" data-end=\"1431\"><strong data-start=\"1222\" data-end=\"1274\">Kod\u0117l verta rinktis ilgalaik\u0119 Automobili\u0173 nuom\u0105?<\/strong><br data-start=\"1274\" data-end=\"1277\" \/>Tai \u2013 efektyvus sprendimas valdyti Automobili\u0173 park\u0105, leid\u017eiantis Jums susitelkti \u012f pagrindin\u0119 veikl\u0105, o mes pasir\u016bpinsime visais Transporto klausimais.<\/p>\n[\/vc_column_text][vc_row_inner css=&#8221;.vc_custom_1579795853851{margin-top: 20px !important;}&#8221;][vc_column_inner][vc_column_text css=&#8221;&#8221;]\n<p data-start=\"1433\" data-end=\"1477\"><span style=\"font-size: 18px;\"><strong data-start=\"1433\" data-end=\"1475\">\u012e ilgalaik\u0117s nuomos kain\u0105 \u012fskai\u010diuota:<\/strong><\/span><\/p>\n<ul data-start=\"1478\" data-end=\"1771\">\n<li data-start=\"1478\" data-end=\"1511\">24\/7 klient\u0173 aptarnavimas<\/li>\n<li data-start=\"1512\" data-end=\"1544\">S\u0105skait\u0173 administravimas<\/li>\n<li data-start=\"1545\" data-end=\"1579\">Draudimas (TPVCA ir KASKO)<\/li>\n<li data-start=\"1580\" data-end=\"1623\">Periodiniai techniniai aptarnavimai<\/li>\n<li data-start=\"1624\" data-end=\"1669\">Draudimo u\u017esakymas ir administravimas<\/li>\n<li data-start=\"1670\" data-end=\"1700\">Pakaitinis Automobilis<\/li>\n<li data-start=\"1701\" data-end=\"1737\">Technin\u0117 pagalba kelyje 24\/7<\/li>\n<li data-start=\"1738\" data-end=\"1771\">Padang\u0173 serviso paslaugos<\/li>\n<\/ul>\n[\/vc_column_text][vc_column_text]\n<h2 data-start=\"1773\" data-end=\"1841\"><span style=\"font-size: 24px;\"><strong data-start=\"1773\" data-end=\"1789\">Susisiekite:<\/strong><\/span><br data-start=\"1813\" data-end=\"1816\" \/><span style=\"font-size: 24px;\">\u2709\ufe0f\u00a0 <strong data-start=\"1819\" data-end=\"1839\"><a style=\"color: #179654;\" href=\"mailto:info@vitarent.lt\">info@vitarent.lt<\/a><br \/>\n<\/strong><\/span><span style=\"font-size: 24px;\"><strong data-start=\"1843\" data-end=\"1902\">\u201eVitarent\u201c \u2013 patikimas partneris J\u016bs\u0173 verslo kelion\u0117ms!<\/strong><\/span><\/h2>\n[\/vc_column_text][vc_column_text]\n<h2><\/h2>\n<h2 style=\"text-align: center;\">Mumis pasitiki:<\/h2>\n[\/vc_column_text][\/vc_column_inner][\/vc_row_inner][vc_row_inner][vc_column_inner width=&#8221;1\/4&#8243;][vc_single_image image=&#8221;8056&#8243; img_size=&#8221;140&#215;140&#8243; alignment=&#8221;center&#8221; css=&#8221;&#8221;][\/vc_column_inner][vc_column_inner width=&#8221;1\/4&#8243;][vc_single_image image=&#8221;8053&#8243; img_size=&#8221;140&#215;140&#8243; alignment=&#8221;center&#8221; css=&#8221;&#8221;][\/vc_column_inner][vc_column_inner width=&#8221;1\/4&#8243;][vc_single_image image=&#8221;8050&#8243; img_size=&#8221;140&#215;140&#8243; alignment=&#8221;center&#8221; css=&#8221;&#8221;][\/vc_column_inner][vc_column_inner width=&#8221;1\/4&#8243;][vc_single_image image=&#8221;8047&#8243; img_size=&#8221;140&#215;140&#8243; alignment=&#8221;center&#8221; css=&#8221;&#8221;][\/vc_column_inner][\/vc_row_inner][vc_row_inner content_placement=&#8221;middle&#8221;][vc_column_inner width=&#8221;1\/4&#8243;][vc_single_image image=&#8221;8041&#8243; img_size=&#8221;140&#215;140&#8243; alignment=&#8221;center&#8221; css=&#8221;&#8221;][\/vc_column_inner][vc_column_inner width=&#8221;1\/4&#8243;][vc_single_image image=&#8221;8066&#8243; img_size=&#8221;140&#215;140&#8243; alignment=&#8221;center&#8221; css=&#8221;&#8221;][\/vc_column_inner][vc_column_inner width=&#8221;1\/4&#8243;][vc_single_image image=&#8221;8044&#8243; img_size=&#8221;140&#215;140&#8243; alignment=&#8221;center&#8221; css=&#8221;&#8221;][\/vc_column_inner][vc_column_inner width=&#8221;1\/4&#8243;][vc_single_image image=&#8221;8539&#8243; img_size=&#8221;140&#215;140&#8243; alignment=&#8221;center&#8221; css=&#8221;&#8221;][\/vc_column_inner][\/vc_row_inner][vc_row_inner content_placement=&#8221;middle&#8221;][vc_column_inner width=&#8221;1\/4&#8243;][vc_single_image image=&#8221;8062&#8243; img_size=&#8221;140&#215;140&#8243; alignment=&#8221;center&#8221; css=&#8221;&#8221;][\/vc_column_inner][vc_column_inner width=&#8221;1\/4&#8243;][vc_single_image image=&#8221;8072&#8243; img_size=&#8221;140&#215;140&#8243; alignment=&#8221;center&#8221; css=&#8221;&#8221;][\/vc_column_inner][vc_column_inner width=&#8221;1\/4&#8243;][vc_single_image image=&#8221;8193&#8243; img_size=&#8221;140&#215;140&#8243; alignment=&#8221;center&#8221; css=&#8221;&#8221;][\/vc_column_inner][vc_column_inner width=&#8221;1\/4&#8243;][vc_single_image image=&#8221;8542&#8243; img_size=&#8221;140&#215;140&#8243; alignment=&#8221;center&#8221; css=&#8221;&#8221;][\/vc_column_inner][\/vc_row_inner][vc_row_inner content_placement=&#8221;middle&#8221;][vc_column_inner width=&#8221;1\/4&#8243;][vc_single_image image=&#8221;8535&#8243; img_size=&#8221;140&#215;140&#8243; alignment=&#8221;center&#8221; css=&#8221;&#8221;][\/vc_column_inner][vc_column_inner width=&#8221;1\/4&#8243;][\/vc_column_inner][vc_column_inner width=&#8221;1\/4&#8243;][\/vc_column_inner][vc_column_inner width=&#8221;1\/4&#8243;][\/vc_column_inner][\/vc_row_inner][\/vc_column][\/vc_row]\n<\/div>","protected":false},"excerpt":{"rendered":"<p>[vc_row css=&#8221;.vc_custom_1737124991309{padding-top: 50px !important;padding-bottom: 30px !important;}&#8221; responsive_css=&#8221;padding_top_large:50px&#8221;][vc_column css=&#8221;.vc_custom_1574852571830{margin-right: 20px !important;margin-left: 20px !important;}&#8221;][vc_column_text] Ilgalaik\u0117 Automobili\u0173 Nuoma&#8230;<\/p>\n","protected":false},"author":1,"featured_media":0,"parent":0,"menu_order":0,"comment_status":"closed","ping_status":"closed","template":"","meta":{"footnotes":""},"class_list":["post-551","page","type-page","status-publish","hentry"],"yoast_head":"<!-- This site is optimized with the Yoast SEO plugin v25.0 - https:\/\/yoast.com\/wordpress\/plugins\/seo\/ -->\n<title>Ilgalaik\u0117 nuoma \u012fmon\u0117ms ir privatiems klientams | Patikima automobili\u0173 nuoma Lietuvoje<\/title>\n<meta name=\"description\" content=\"Ilgalaik\u0117 automobili\u0173 nuoma\u00a0puikus b\u016bdas transporto priemon\u0117mis apsir\u016bpinti save ar \u012fmon\u0117s darbuotojus. Pas mus - greitas aptarnavimas ir PUIKIOS kainos!\" \/>\n<meta name=\"robots\" content=\"index, follow, max-snippet:-1, max-image-preview:large, max-video-preview:-1\" \/>\n<link rel=\"canonical\" href=\"https:\/\/www.vitarent.lt\/lt\/ilgalaike-nuoma\/\" \/>\n<meta property=\"og:locale\" content=\"lt_LT\" \/>\n<meta property=\"og:type\" content=\"article\" \/>\n<meta property=\"og:title\" content=\"Ilgalaik\u0117 nuoma \u012fmon\u0117ms ir privatiems klientams | Patikima automobili\u0173 nuoma Lietuvoje\" \/>\n<meta property=\"og:description\" content=\"Ilgalaik\u0117 automobili\u0173 nuoma\u00a0puikus b\u016bdas transporto priemon\u0117mis apsir\u016bpinti save ar \u012fmon\u0117s darbuotojus. Pas mus - greitas aptarnavimas ir PUIKIOS kainos!\" \/>\n<meta property=\"og:url\" content=\"https:\/\/www.vitarent.lt\/lt\/ilgalaike-nuoma\/\" \/>\n<meta property=\"og:site_name\" content=\"Patikima automobili\u0173 nuoma Lietuvoje\" \/>\n<meta property=\"article:publisher\" content=\"https:\/\/www.facebook.com\/vitarent.lt\/\" \/>\n<meta property=\"article:modified_time\" content=\"2025-11-14T09:35:56+00:00\" \/>\n<meta name=\"twitter:card\" content=\"summary_large_image\" \/>\n<meta name=\"twitter:label1\" content=\"Est. reading time\" \/>\n\t<meta name=\"twitter:data1\" content=\"4 minut\u0117s\" \/>\n<script type=\"application\/ld+json\" class=\"yoast-schema-graph\">{\"@context\":\"https:\/\/schema.org\",\"@graph\":[{\"@type\":\"WebPage\",\"@id\":\"https:\/\/www.vitarent.lt\/lt\/ilgalaike-nuoma\/\",\"url\":\"https:\/\/www.vitarent.lt\/lt\/ilgalaike-nuoma\/\",\"name\":\"Ilgalaik\u0117 nuoma \u012fmon\u0117ms ir privatiems klientams | Patikima automobili\u0173 nuoma Lietuvoje\",\"isPartOf\":{\"@id\":\"https:\/\/www.vitarent.lt\/lt\/#website\"},\"datePublished\":\"2019-11-17T15:55:13+00:00\",\"dateModified\":\"2025-11-14T09:35:56+00:00\",\"description\":\"Ilgalaik\u0117 automobili\u0173 nuoma\u00a0puikus b\u016bdas transporto priemon\u0117mis apsir\u016bpinti save ar \u012fmon\u0117s darbuotojus. Pas mus - greitas aptarnavimas ir PUIKIOS kainos!\",\"breadcrumb\":{\"@id\":\"https:\/\/www.vitarent.lt\/lt\/ilgalaike-nuoma\/#breadcrumb\"},\"inLanguage\":\"lt-LT\",\"potentialAction\":[{\"@type\":\"ReadAction\",\"target\":[\"https:\/\/www.vitarent.lt\/lt\/ilgalaike-nuoma\/\"]}]},{\"@type\":\"BreadcrumbList\",\"@id\":\"https:\/\/www.vitarent.lt\/lt\/ilgalaike-nuoma\/#breadcrumb\",\"itemListElement\":[{\"@type\":\"ListItem\",\"position\":1,\"name\":\"Home\",\"item\":\"https:\/\/www.vitarent.lt\/lt\/\"},{\"@type\":\"ListItem\",\"position\":2,\"name\":\"Ilgalaik\u0117 nuoma\"}]},{\"@type\":\"WebSite\",\"@id\":\"https:\/\/www.vitarent.lt\/lt\/#website\",\"url\":\"https:\/\/www.vitarent.lt\/lt\/\",\"name\":\"Automobili\u0173 nuoma Lietuvoje ir Latvijoje\",\"description\":\"\",\"publisher\":{\"@id\":\"https:\/\/www.vitarent.lt\/lt\/#organization\"},\"potentialAction\":[{\"@type\":\"SearchAction\",\"target\":{\"@type\":\"EntryPoint\",\"urlTemplate\":\"https:\/\/www.vitarent.lt\/lt\/?s={search_term_string}\"},\"query-input\":{\"@type\":\"PropertyValueSpecification\",\"valueRequired\":true,\"valueName\":\"search_term_string\"}}],\"inLanguage\":\"lt-LT\"},{\"@type\":\"Organization\",\"@id\":\"https:\/\/www.vitarent.lt\/lt\/#organization\",\"name\":\"Vitarent.lt - automobili\u0173 nuoma Lietuvoje ir Latvijoje\",\"url\":\"https:\/\/www.vitarent.lt\/lt\/\",\"logo\":{\"@type\":\"ImageObject\",\"inLanguage\":\"lt-LT\",\"@id\":\"https:\/\/www.vitarent.lt\/lt\/#\/schema\/logo\/image\/\",\"url\":\"https:\/\/www.vitarent.lt\/wp-content\/uploads\/2019\/11\/vitarent13v.png\",\"contentUrl\":\"https:\/\/www.vitarent.lt\/wp-content\/uploads\/2019\/11\/vitarent13v.png\",\"width\":126,\"height\":50,\"caption\":\"Vitarent.lt - automobili\u0173 nuoma Lietuvoje ir Latvijoje\"},\"image\":{\"@id\":\"https:\/\/www.vitarent.lt\/lt\/#\/schema\/logo\/image\/\"},\"sameAs\":[\"https:\/\/www.facebook.com\/vitarent.lt\/\",\"https:\/\/www.instagram.com\/vitarent.lt_\/\"]}]}<\/script>\n<!-- \/ Yoast SEO plugin. -->","yoast_head_json":{"title":"Ilgalaik\u0117 nuoma \u012fmon\u0117ms ir privatiems klientams | Patikima automobili\u0173 nuoma Lietuvoje","description":"Ilgalaik\u0117 automobili\u0173 nuoma\u00a0puikus b\u016bdas transporto priemon\u0117mis apsir\u016bpinti save ar \u012fmon\u0117s darbuotojus. Pas mus - greitas aptarnavimas ir PUIKIOS kainos!","robots":{"index":"index","follow":"follow","max-snippet":"max-snippet:-1","max-image-preview":"max-image-preview:large","max-video-preview":"max-video-preview:-1"},"canonical":"https:\/\/www.vitarent.lt\/lt\/ilgalaike-nuoma\/","og_locale":"lt_LT","og_type":"article","og_title":"Ilgalaik\u0117 nuoma \u012fmon\u0117ms ir privatiems klientams | Patikima automobili\u0173 nuoma Lietuvoje","og_description":"Ilgalaik\u0117 automobili\u0173 nuoma\u00a0puikus b\u016bdas transporto priemon\u0117mis apsir\u016bpinti save ar \u012fmon\u0117s darbuotojus. Pas mus - greitas aptarnavimas ir PUIKIOS kainos!","og_url":"https:\/\/www.vitarent.lt\/lt\/ilgalaike-nuoma\/","og_site_name":"Patikima automobili\u0173 nuoma Lietuvoje","article_publisher":"https:\/\/www.facebook.com\/vitarent.lt\/","article_modified_time":"2025-11-14T09:35:56+00:00","twitter_card":"summary_large_image","twitter_misc":{"Est. reading time":"4 minut\u0117s"},"schema":{"@context":"https:\/\/schema.org","@graph":[{"@type":"WebPage","@id":"https:\/\/www.vitarent.lt\/lt\/ilgalaike-nuoma\/","url":"https:\/\/www.vitarent.lt\/lt\/ilgalaike-nuoma\/","name":"Ilgalaik\u0117 nuoma \u012fmon\u0117ms ir privatiems klientams | Patikima automobili\u0173 nuoma Lietuvoje","isPartOf":{"@id":"https:\/\/www.vitarent.lt\/lt\/#website"},"datePublished":"2019-11-17T15:55:13+00:00","dateModified":"2025-11-14T09:35:56+00:00","description":"Ilgalaik\u0117 automobili\u0173 nuoma\u00a0puikus b\u016bdas transporto priemon\u0117mis apsir\u016bpinti save ar \u012fmon\u0117s darbuotojus. Pas mus - greitas aptarnavimas ir PUIKIOS kainos!","breadcrumb":{"@id":"https:\/\/www.vitarent.lt\/lt\/ilgalaike-nuoma\/#breadcrumb"},"inLanguage":"lt-LT","potentialAction":[{"@type":"ReadAction","target":["https:\/\/www.vitarent.lt\/lt\/ilgalaike-nuoma\/"]}]},{"@type":"BreadcrumbList","@id":"https:\/\/www.vitarent.lt\/lt\/ilgalaike-nuoma\/#breadcrumb","itemListElement":[{"@type":"ListItem","position":1,"name":"Home","item":"https:\/\/www.vitarent.lt\/lt\/"},{"@type":"ListItem","position":2,"name":"Ilgalaik\u0117 nuoma"}]},{"@type":"WebSite","@id":"https:\/\/www.vitarent.lt\/lt\/#website","url":"https:\/\/www.vitarent.lt\/lt\/","name":"Automobili\u0173 nuoma Lietuvoje ir Latvijoje","description":"","publisher":{"@id":"https:\/\/www.vitarent.lt\/lt\/#organization"},"potentialAction":[{"@type":"SearchAction","target":{"@type":"EntryPoint","urlTemplate":"https:\/\/www.vitarent.lt\/lt\/?s={search_term_string}"},"query-input":{"@type":"PropertyValueSpecification","valueRequired":true,"valueName":"search_term_string"}}],"inLanguage":"lt-LT"},{"@type":"Organization","@id":"https:\/\/www.vitarent.lt\/lt\/#organization","name":"Vitarent.lt - automobili\u0173 nuoma Lietuvoje ir Latvijoje","url":"https:\/\/www.vitarent.lt\/lt\/","logo":{"@type":"ImageObject","inLanguage":"lt-LT","@id":"https:\/\/www.vitarent.lt\/lt\/#\/schema\/logo\/image\/","url":"https:\/\/www.vitarent.lt\/wp-content\/uploads\/2019\/11\/vitarent13v.png","contentUrl":"https:\/\/www.vitarent.lt\/wp-content\/uploads\/2019\/11\/vitarent13v.png","width":126,"height":50,"caption":"Vitarent.lt - automobili\u0173 nuoma Lietuvoje ir Latvijoje"},"image":{"@id":"https:\/\/www.vitarent.lt\/lt\/#\/schema\/logo\/image\/"},"sameAs":["https:\/\/www.facebook.com\/vitarent.lt\/","https:\/\/www.instagram.com\/vitarent.lt_\/"]}]}},"_links":{"self":[{"href":"https:\/\/www.vitarent.lt\/lt\/wp-json\/wp\/v2\/pages\/551","targetHints":{"allow":["GET"]}}],"collection":[{"href":"https:\/\/www.vitarent.lt\/lt\/wp-json\/wp\/v2\/pages"}],"about":[{"href":"https:\/\/www.vitarent.lt\/lt\/wp-json\/wp\/v2\/types\/page"}],"author":[{"embeddable":true,"href":"https:\/\/www.vitarent.lt\/lt\/wp-json\/wp\/v2\/users\/1"}],"replies":[{"embeddable":true,"href":"https:\/\/www.vitarent.lt\/lt\/wp-json\/wp\/v2\/comments?post=551"}],"version-history":[{"count":50,"href":"https:\/\/www.vitarent.lt\/lt\/wp-json\/wp\/v2\/pages\/551\/revisions"}],"predecessor-version":[{"id":8551,"href":"https:\/\/www.vitarent.lt\/lt\/wp-json\/wp\/v2\/pages\/551\/revisions\/8551"}],"wp:attachment":[{"href":"https:\/\/www.vitarent.lt\/lt\/wp-json\/wp\/v2\/media?parent=551"}],"curies":[{"name":"wp","href":"https:\/\/api.w.org\/{rel}","templated":true}]}}