{"id":655,"date":"2019-11-18T16:29:28","date_gmt":"2019-11-18T18:29:28","guid":{"rendered":"http:\/\/vitarent.lt\/?page_id=655"},"modified":"2025-12-15T14:29:47","modified_gmt":"2025-12-15T12:29:47","slug":"duk","status":"publish","type":"page","link":"https:\/\/www.vitarent.lt\/lt\/duk\/","title":{"rendered":"DUK"},"content":{"rendered":"<div class=\"wpb-content-wrapper\">[vc_row css=&#8221;.vc_custom_1582537366252{padding-top: 80px !important;padding-bottom: 50px !important;}&#8221;][vc_column][vc_tta_accordion][vc_tta_section title=&#8221;Kaip galima i\u0161sinuomoti Automobil\u012f? Ar galima j\u012f rezervuoti internetu?&#8221; tab_id=&#8221;1&#8243;][vc_column_text css=&#8221;&#8221;]Automobil\u012f galite rezervuoti el. pa\u0161tu adresu <a rel=\"noopener\" data-start=\"85\" data-end=\"101\">info@vitarent.lt<\/a> arba u\u017epildydami rezervacijos form\u0105 m\u016bs\u0173 interneto svetain\u0117je <a class=\"\" href=\"http:\/\/www.vitarent.lt\" target=\"_new\" rel=\"noopener\" data-start=\"164\" data-end=\"179\">www.vitarent.lt<\/a>.[\/vc_column_text][\/vc_tta_section][vc_tta_section title=&#8221;Kaip galiu \u012fsitikinti, kad mano rezervacija yra patvirtinta?&#8221; tab_id=&#8221;2&#8243;][vc_column_text css=&#8221;&#8221;]U\u017esakymas laikomas patvirtintu tik tuo atveju, jei yra pervestas rezervacijos mokestis. Gavus mok\u0117jim\u0105, el. pa\u0161tu patvirtiname, kad Automobilis Jums rezervuotas.[\/vc_column_text][\/vc_tta_section][vc_tta_section title=&#8221;Kokiais b\u016bdais galiu atsiskaityti u\u017e Automobilio nuom\u0105?&#8221; tab_id=&#8221;3&#8243;][vc_column_text css=&#8221;&#8221;]\n<p class=\"\" data-start=\"31\" data-end=\"156\">U\u017e Automobilio nuom\u0105, papildomus priedus ir paslaugas atsiskaityti b\u016btina ne v\u0117liau kaip Automobilio perdavimo\u2013pri\u0117mimo metu.<\/p>\n<p class=\"\" data-start=\"158\" data-end=\"186\"><strong>Galimi atsiskaitymo b\u016bdai:<\/strong><br \/>\nGrynaisiais pinigais (eurais)<br \/>\nBanko pavedimu<br \/>\nKortele (debetine kortele, Apple Pay, Google Pay, \u201eMasterCard\u201c arba \u201eVisa\u201c kreditine kortele)<\/p>\n<p class=\"\" data-start=\"337\" data-end=\"389\"><strong data-start=\"337\" data-end=\"348\">Svarbu:<\/strong> \u201eAmerican Express\u201c kortel\u0117s nepriimamos.<\/p>\n[\/vc_column_text][\/vc_tta_section][vc_tta_section title=&#8221;Kokius dokumentus b\u016btina pateikti norint i\u0161sinuomoti Automobil\u012f?&#8221; tab_id=&#8221;4&#8243;][vc_column_text css=&#8221;&#8221;]Norint i\u0161sinuomoti Automobil\u012f, b\u016btina pateikti galiojant\u012f vairuotojo pa\u017eym\u0117jim\u0105 ir asmens tapatyb\u0119 patvirtinant\u012f dokument\u0105 \u2013 pas\u0105 arba asmens tapatyb\u0117s kortel\u0119.[\/vc_column_text][\/vc_tta_section][vc_tta_section title=&#8221;Ar reikia sumok\u0117ti depozit\u0105 u\u017e nuomojam\u0105 Automobil\u012f?&#8221; tab_id=&#8221;5&#8243;][vc_column_text css=&#8221;&#8221;]U\u017estato (depozito) suma priklauso nuo Nuomininko pasirinkto draudimo tipo ir pasirinkto Automobilio modelio. Pasirinkus piln\u0105 draudim\u0105, atsakomyb\u0117s suma\u017einimo mokes\u010dio dydis taip pat priklauso nuo Automobilio modelio ir nuomos trukm\u0117s.\u00a0<strong>Tikslius \u012fkainius su\u017einosite u\u017epild\u0119 ir pateik\u0119 rezervacijos form\u0105.<\/strong><\/p>\n<ul>\n<li data-start=\"409\" data-end=\"505\"><strong data-start=\"409\" data-end=\"430\">Pilnas draudimas:<\/strong>\u00a0200 EUR<br data-start=\"438\" data-end=\"441\" \/>(atsakomyb\u0117 draudiminio \u012fvykio ir vagyst\u0117s atveju \u2013 iki 0 EUR)<\/li>\n<li data-start=\"508\" data-end=\"663\"><strong data-start=\"508\" data-end=\"535\">Standartinis draudimas:<\/strong>\u00a0700\u2013900 EUR<br data-start=\"547\" data-end=\"550\" \/>(atsakomyb\u0117 draudiminio \u012fvykio atveju \u2013 nuo 1 000 iki 1 200 EUR, vagyst\u0117s atveju \u2013 10 % nuo Automobilio vert\u0117s)<\/li>\n<\/ul>\n[\/vc_column_text][\/vc_tta_section][vc_tta_section title=&#8221;Ar i\u0161sinuomavus Automobil\u012f taikomi kilometra\u017eo apribojimai?&#8221; tab_id=&#8221;6&#8243;][vc_column_text css=&#8221;&#8221;]\n<p class=\"\" data-start=\"104\" data-end=\"339\">Sutarties galiojimo metu Automobili\u0173, va\u017eiuojan\u010di\u0173 Lietuvos teritorijoje, rida ribojama iki 400 km per dien\u0105. Vir\u0161ijus nustatyt\u0105 rid\u0105, taikomas papildomas 0,10 EUR mokestis u\u017e kiekvien\u0105 vir\u0161yt\u0105 kilometr\u0105.<br \/>\nAutomobiliams, va\u017eiuojantiems u\u017e Lietuvos rib\u0173, rida ribojama iki 500 km per dien\u0105. Vir\u0161ijus \u0161i\u0105 rib\u0105, taikomas papildomas 0,13 EUR mokestis u\u017e kiekvien\u0105 vir\u0161yt\u0105 kilometr\u0105.<br \/>\nKilometra\u017eas sumuojamas pagal bendr\u0105 nuva\u017eiuot\u0105 atstum\u0105 per vis\u0105 nuomos laikotarp\u012f.[\/vc_column_text][\/vc_tta_section][vc_tta_section title=&#8221;Ar nuomojami Automobiliai yra apdrausti KASKO draudimu?&#8221; tab_id=&#8221;7&#8243;][vc_column_text css=&#8221;&#8221;]\n<p class=\"\" data-start=\"83\" data-end=\"160\"><strong>Automobiliai yra apdrausti \u0161iais draudimais:<\/strong><\/p>\n<p class=\"\" data-start=\"163\" data-end=\"285\">Privalomuoju Transporto priemon\u0117s valdytojo civilin\u0117s atsakomyb\u0117s draudimu, galiojan\u010diu ES, EEE \u0161alyse bei \u0160veicarijoje;<br \/>\nKasko draudimu, galiojan\u010diu visoje geografin\u0117je Europoje;<br \/>\nPagalbos kelyje draudimu;[\/vc_column_text][\/vc_tta_section][vc_tta_section title=&#8221;Ar nuomojant Automobil\u012f tinka kit\u0173 \u0161ali\u0173 vairuotojo pa\u017eym\u0117jimai?&#8221; tab_id=&#8221;1574102369349-c052d13d-cd68&#8243;][vc_column_text css=&#8221;&#8221;]Taip, tinka ir kit\u0173 valstybi\u0173 galiojantys vairuotojo pa\u017eym\u0117jimai.<br data-start=\"65\" data-end=\"68\" \/>JAV, Kanadoje ir Australijoje i\u0161duoti vairuotojo pa\u017eym\u0117jimai priimami be tarptautinio vairuotojo pa\u017eym\u0117jimo. Lietuvoje galima vairuoti iki 6 m\u0117n.<br data-start=\"213\" data-end=\"216\" data-is-only-node=\"\" \/>Tarptautinis vairuotojo pa\u017eym\u0117jimas yra privalomas, jei Nuomininko nacionalinis vairuotojo pa\u017eym\u0117jimas n\u0117ra rom\u0117ni\u0161komis\/angli\u0161komis ab\u0117c\u0117l\u0117s ra\u0161menimis. Kartu su tarptautiniu vairuotojo pa\u017eym\u0117jimu turi b\u016bti pateiktas vietinis vairuotojo pa\u017eym\u0117jimas.[\/vc_column_text][\/vc_tta_section][vc_tta_section title=&#8221;Ar pristatote nuomojamus Automobilius \u012f kitus Lietuvos miestus?&#8221; tab_id=&#8221;9&#8243;][vc_column_text css=&#8221;&#8221;]Jums pageidaujant, Automobil\u012f galime pristatyti visoje Lietuvoje. Pristatymo ir gr\u0105\u017einimo kaina derinama su kiekvienu klientu individualiai.[\/vc_column_text][\/vc_tta_section][vc_tta_section title=&#8221;Ar \u012f Automobilio nuomos sutart\u012f galima \u012ftraukti papildom\u0105 vairuotoj\u0105?&#8221; tab_id=&#8221;10&#8243;][vc_column_text css=&#8221;&#8221;]Taip, galime \u012ftraukti papildom\u0105 vairuotoj\u0105 \u012f Automobilio nuomos sutart\u012f (jeigu jis arba ji atitinka m\u016bs\u0173 vairuotojams keliamus reikalavimus). Papildomo vairuotojo mokestis \u2013 3,00 EUR u\u017e par\u0105.[\/vc_column_text][\/vc_tta_section][vc_tta_section title=&#8221;Ar Automobil\u012f turiu gr\u0105\u017einti su pilnu kuro baku ir tvarking\u0105?&#8221; tab_id=&#8221;11&#8243;][vc_column_text css=&#8221;&#8221;]Taip, visi Automobiliai yra i\u0161nuomojami su pilnu degal\u0173 baku ir tvarkingi, tod\u0117l gr\u0105\u017einant Automobil\u012f, bakas taip pat turi b\u016bti pilnas, o Automobilis \u2013 \u0161varus ir tvarkingas, nebent buvo susitarta kitaip.[\/vc_column_text][\/vc_tta_section][vc_tta_section title=&#8221;Mano skrydis v\u0117luoja. K\u0105 tur\u0117\u010diau daryti?&#8221; tab_id=&#8221;12&#8243;][vc_column_text css=&#8221;&#8221;]Skryd\u017eio v\u0117lavimo atveju pra\u0161ome nedelsiant informuoti mus telefonu +370 631 86742 arba el. pa\u0161tu <a rel=\"noopener\" data-start=\"126\" data-end=\"142\">info@vitarent.lt<\/a>.[\/vc_column_text][\/vc_tta_section][vc_tta_section title=&#8221;K\u0105 tur\u0117\u010diau daryti, jei mano Automobilis sugenda?&#8221; tab_id=&#8221;13&#8243;][vc_column_text css=&#8221;&#8221;]Esant netik\u0117tam gedimui ar eismo \u012fvykiui, nedelsdami skambinkite telefonu +370 631 86742 (veikia 24\/7) \u2013 mes Jums pad\u0117sime![\/vc_column_text][\/vc_tta_section][\/vc_tta_accordion][\/vc_column][\/vc_row]\n<\/div>","protected":false},"excerpt":{"rendered":"<p>[vc_row css=&#8221;.vc_custom_1582537366252{padding-top: 80px !important;padding-bottom: 50px !important;}&#8221;][vc_column][vc_tta_accordion][vc_tta_section title=&#8221;Kaip galima i\u0161sinuomoti Automobil\u012f? Ar galima j\u012f rezervuoti internetu?&#8221;&#8230;<\/p>\n","protected":false},"author":1,"featured_media":0,"parent":0,"menu_order":0,"comment_status":"closed","ping_status":"closed","template":"","meta":{"footnotes":""},"class_list":["post-655","page","type-page","status-publish","hentry"],"yoast_head":"<!-- This site is optimized with the Yoast SEO plugin v25.0 - https:\/\/yoast.com\/wordpress\/plugins\/seo\/ -->\n<title>DUK | Patikima automobili\u0173 nuoma Lietuvoje<\/title>\n<meta name=\"robots\" content=\"index, follow, max-snippet:-1, max-image-preview:large, max-video-preview:-1\" \/>\n<link rel=\"canonical\" href=\"https:\/\/www.vitarent.lt\/lt\/duk\/\" \/>\n<meta property=\"og:locale\" content=\"lt_LT\" \/>\n<meta property=\"og:type\" content=\"article\" \/>\n<meta property=\"og:title\" content=\"DUK | Patikima automobili\u0173 nuoma Lietuvoje\" \/>\n<meta property=\"og:description\" content=\"[vc_row css=&#8221;.vc_custom_1582537366252{padding-top: 80px !important;padding-bottom: 50px !important;}&#8221;][vc_column][vc_tta_accordion][vc_tta_section title=&#8221;Kaip galima i\u0161sinuomoti Automobil\u012f? Ar galima j\u012f rezervuoti internetu?&#8221;...\" \/>\n<meta property=\"og:url\" content=\"https:\/\/www.vitarent.lt\/lt\/duk\/\" \/>\n<meta property=\"og:site_name\" content=\"Patikima automobili\u0173 nuoma Lietuvoje\" \/>\n<meta property=\"article:publisher\" content=\"https:\/\/www.facebook.com\/vitarent.lt\/\" \/>\n<meta property=\"article:modified_time\" content=\"2025-12-15T12:29:47+00:00\" \/>\n<meta name=\"twitter:card\" content=\"summary_large_image\" \/>\n<meta name=\"twitter:label1\" content=\"Est. reading time\" \/>\n\t<meta name=\"twitter:data1\" content=\"3 minut\u0117s\" \/>\n<script type=\"application\/ld+json\" class=\"yoast-schema-graph\">{\"@context\":\"https:\/\/schema.org\",\"@graph\":[{\"@type\":\"WebPage\",\"@id\":\"https:\/\/www.vitarent.lt\/lt\/duk\/\",\"url\":\"https:\/\/www.vitarent.lt\/lt\/duk\/\",\"name\":\"DUK | Patikima automobili\u0173 nuoma Lietuvoje\",\"isPartOf\":{\"@id\":\"https:\/\/www.vitarent.lt\/lt\/#website\"},\"datePublished\":\"2019-11-18T18:29:28+00:00\",\"dateModified\":\"2025-12-15T12:29:47+00:00\",\"breadcrumb\":{\"@id\":\"https:\/\/www.vitarent.lt\/lt\/duk\/#breadcrumb\"},\"inLanguage\":\"lt-LT\",\"potentialAction\":[{\"@type\":\"ReadAction\",\"target\":[\"https:\/\/www.vitarent.lt\/lt\/duk\/\"]}]},{\"@type\":\"BreadcrumbList\",\"@id\":\"https:\/\/www.vitarent.lt\/lt\/duk\/#breadcrumb\",\"itemListElement\":[{\"@type\":\"ListItem\",\"position\":1,\"name\":\"Home\",\"item\":\"https:\/\/www.vitarent.lt\/lt\/\"},{\"@type\":\"ListItem\",\"position\":2,\"name\":\"DUK\"}]},{\"@type\":\"WebSite\",\"@id\":\"https:\/\/www.vitarent.lt\/lt\/#website\",\"url\":\"https:\/\/www.vitarent.lt\/lt\/\",\"name\":\"Automobili\u0173 nuoma Lietuvoje ir Latvijoje\",\"description\":\"\",\"publisher\":{\"@id\":\"https:\/\/www.vitarent.lt\/lt\/#organization\"},\"potentialAction\":[{\"@type\":\"SearchAction\",\"target\":{\"@type\":\"EntryPoint\",\"urlTemplate\":\"https:\/\/www.vitarent.lt\/lt\/?s={search_term_string}\"},\"query-input\":{\"@type\":\"PropertyValueSpecification\",\"valueRequired\":true,\"valueName\":\"search_term_string\"}}],\"inLanguage\":\"lt-LT\"},{\"@type\":\"Organization\",\"@id\":\"https:\/\/www.vitarent.lt\/lt\/#organization\",\"name\":\"Vitarent.lt - automobili\u0173 nuoma Lietuvoje ir Latvijoje\",\"url\":\"https:\/\/www.vitarent.lt\/lt\/\",\"logo\":{\"@type\":\"ImageObject\",\"inLanguage\":\"lt-LT\",\"@id\":\"https:\/\/www.vitarent.lt\/lt\/#\/schema\/logo\/image\/\",\"url\":\"https:\/\/www.vitarent.lt\/wp-content\/uploads\/2019\/11\/vitarent13v.png\",\"contentUrl\":\"https:\/\/www.vitarent.lt\/wp-content\/uploads\/2019\/11\/vitarent13v.png\",\"width\":126,\"height\":50,\"caption\":\"Vitarent.lt - automobili\u0173 nuoma Lietuvoje ir Latvijoje\"},\"image\":{\"@id\":\"https:\/\/www.vitarent.lt\/lt\/#\/schema\/logo\/image\/\"},\"sameAs\":[\"https:\/\/www.facebook.com\/vitarent.lt\/\",\"https:\/\/www.instagram.com\/vitarent.lt_\/\"]}]}<\/script>\n<!-- \/ Yoast SEO plugin. -->","yoast_head_json":{"title":"DUK | Patikima automobili\u0173 nuoma Lietuvoje","robots":{"index":"index","follow":"follow","max-snippet":"max-snippet:-1","max-image-preview":"max-image-preview:large","max-video-preview":"max-video-preview:-1"},"canonical":"https:\/\/www.vitarent.lt\/lt\/duk\/","og_locale":"lt_LT","og_type":"article","og_title":"DUK | Patikima automobili\u0173 nuoma Lietuvoje","og_description":"[vc_row css=&#8221;.vc_custom_1582537366252{padding-top: 80px !important;padding-bottom: 50px !important;}&#8221;][vc_column][vc_tta_accordion][vc_tta_section title=&#8221;Kaip galima i\u0161sinuomoti Automobil\u012f? Ar galima j\u012f rezervuoti internetu?&#8221;...","og_url":"https:\/\/www.vitarent.lt\/lt\/duk\/","og_site_name":"Patikima automobili\u0173 nuoma Lietuvoje","article_publisher":"https:\/\/www.facebook.com\/vitarent.lt\/","article_modified_time":"2025-12-15T12:29:47+00:00","twitter_card":"summary_large_image","twitter_misc":{"Est. reading time":"3 minut\u0117s"},"schema":{"@context":"https:\/\/schema.org","@graph":[{"@type":"WebPage","@id":"https:\/\/www.vitarent.lt\/lt\/duk\/","url":"https:\/\/www.vitarent.lt\/lt\/duk\/","name":"DUK | Patikima automobili\u0173 nuoma Lietuvoje","isPartOf":{"@id":"https:\/\/www.vitarent.lt\/lt\/#website"},"datePublished":"2019-11-18T18:29:28+00:00","dateModified":"2025-12-15T12:29:47+00:00","breadcrumb":{"@id":"https:\/\/www.vitarent.lt\/lt\/duk\/#breadcrumb"},"inLanguage":"lt-LT","potentialAction":[{"@type":"ReadAction","target":["https:\/\/www.vitarent.lt\/lt\/duk\/"]}]},{"@type":"BreadcrumbList","@id":"https:\/\/www.vitarent.lt\/lt\/duk\/#breadcrumb","itemListElement":[{"@type":"ListItem","position":1,"name":"Home","item":"https:\/\/www.vitarent.lt\/lt\/"},{"@type":"ListItem","position":2,"name":"DUK"}]},{"@type":"WebSite","@id":"https:\/\/www.vitarent.lt\/lt\/#website","url":"https:\/\/www.vitarent.lt\/lt\/","name":"Automobili\u0173 nuoma Lietuvoje ir Latvijoje","description":"","publisher":{"@id":"https:\/\/www.vitarent.lt\/lt\/#organization"},"potentialAction":[{"@type":"SearchAction","target":{"@type":"EntryPoint","urlTemplate":"https:\/\/www.vitarent.lt\/lt\/?s={search_term_string}"},"query-input":{"@type":"PropertyValueSpecification","valueRequired":true,"valueName":"search_term_string"}}],"inLanguage":"lt-LT"},{"@type":"Organization","@id":"https:\/\/www.vitarent.lt\/lt\/#organization","name":"Vitarent.lt - automobili\u0173 nuoma Lietuvoje ir Latvijoje","url":"https:\/\/www.vitarent.lt\/lt\/","logo":{"@type":"ImageObject","inLanguage":"lt-LT","@id":"https:\/\/www.vitarent.lt\/lt\/#\/schema\/logo\/image\/","url":"https:\/\/www.vitarent.lt\/wp-content\/uploads\/2019\/11\/vitarent13v.png","contentUrl":"https:\/\/www.vitarent.lt\/wp-content\/uploads\/2019\/11\/vitarent13v.png","width":126,"height":50,"caption":"Vitarent.lt - automobili\u0173 nuoma Lietuvoje ir Latvijoje"},"image":{"@id":"https:\/\/www.vitarent.lt\/lt\/#\/schema\/logo\/image\/"},"sameAs":["https:\/\/www.facebook.com\/vitarent.lt\/","https:\/\/www.instagram.com\/vitarent.lt_\/"]}]}},"_links":{"self":[{"href":"https:\/\/www.vitarent.lt\/lt\/wp-json\/wp\/v2\/pages\/655","targetHints":{"allow":["GET"]}}],"collection":[{"href":"https:\/\/www.vitarent.lt\/lt\/wp-json\/wp\/v2\/pages"}],"about":[{"href":"https:\/\/www.vitarent.lt\/lt\/wp-json\/wp\/v2\/types\/page"}],"author":[{"embeddable":true,"href":"https:\/\/www.vitarent.lt\/lt\/wp-json\/wp\/v2\/users\/1"}],"replies":[{"embeddable":true,"href":"https:\/\/www.vitarent.lt\/lt\/wp-json\/wp\/v2\/comments?post=655"}],"version-history":[{"count":20,"href":"https:\/\/www.vitarent.lt\/lt\/wp-json\/wp\/v2\/pages\/655\/revisions"}],"predecessor-version":[{"id":8680,"href":"https:\/\/www.vitarent.lt\/lt\/wp-json\/wp\/v2\/pages\/655\/revisions\/8680"}],"wp:attachment":[{"href":"https:\/\/www.vitarent.lt\/lt\/wp-json\/wp\/v2\/media?parent=655"}],"curies":[{"name":"wp","href":"https:\/\/api.w.org\/{rel}","templated":true}]}}